{"id":46741,"date":"2026-04-21T00:35:20","date_gmt":"2026-04-21T00:35:20","guid":{"rendered":"https:\/\/singuli.wpress.me\/index.php\/proizvod\/gillette-fusion-poklon-paket-2\/"},"modified":"2026-04-21T00:35:20","modified_gmt":"2026-04-21T00:35:20","slug":"gillette-fusion-poklon-paket-2","status":"publish","type":"product","link":"https:\/\/singuli.wpress.me\/index.php\/proizvod\/gillette-fusion-poklon-paket-2\/","title":{"rendered":"GILLETTE Fusion, poklon paket"},"content":{"rendered":"<p>Poklonite mu mo\u0107an po\u010detak i impresivan zavr\u0161etak brijanja, odaberite darovni komplet Gillette Fusion! Dizajniran za temeljito brijanje, brija\u010d Fusion5 ima izuzetno o\u0161tre rubove o\u0161trica koje smanjuju trenje. Dizajn o\u0161trica omogu\u0107uje brijanje dla\u010dica s manje otpora. Precizna o\u0161trica sa stra\u017enje strane mo\u017ee vam pomo\u0107i da pa\u017eljivo obrijete te\u0161ko dostupna podru\u010dja. <span style=\"font-weight: bold\">Paket sadr\u017ei&nbsp;brija\u010d, 3 zamjenske britvice i gel.<\/span><\/p>\n","protected":false},"excerpt":{"rendered":"<p>Paket sadr\u017ei brija\u010d, 3 zamjenske britvice i gel<br \/>\nS jednom zamjenskom britvicom Fusion5 mo\u017eete se ugodno brijati do 20 puta<br \/>\nU kombinaciji s razli\u010ditim Gilletteovim zna\u010dajkama<\/p>\n","protected":false},"featured_media":46742,"template":"","meta":{"_seopress_robots_primary_cat":"","_seopress_titles_title":"","_seopress_titles_desc":"","_seopress_robots_index":"","iawp_total_views":0},"product_brand":[323],"product_cat":[261,277],"product_tag":[],"class_list":{"0":"post-46741","1":"product","2":"type-product","3":"status-publish","4":"has-post-thumbnail","6":"product_brand-gillette","7":"product_cat-hrana-i-pice","8":"product_cat-slatkisi-i-grickalice-261","10":"first","11":"outofstock","12":"shipping-taxable","13":"purchasable","14":"product-type-simple"},"_links":{"self":[{"href":"https:\/\/singuli.wpress.me\/index.php\/wp-json\/wp\/v2\/product\/46741","targetHints":{"allow":["GET"]}}],"collection":[{"href":"https:\/\/singuli.wpress.me\/index.php\/wp-json\/wp\/v2\/product"}],"about":[{"href":"https:\/\/singuli.wpress.me\/index.php\/wp-json\/wp\/v2\/types\/product"}],"version-history":[{"count":0,"href":"https:\/\/singuli.wpress.me\/index.php\/wp-json\/wp\/v2\/product\/46741\/revisions"}],"wp:featuredmedia":[{"embeddable":true,"href":"https:\/\/singuli.wpress.me\/index.php\/wp-json\/wp\/v2\/media\/46742"}],"wp:attachment":[{"href":"https:\/\/singuli.wpress.me\/index.php\/wp-json\/wp\/v2\/media?parent=46741"}],"wp:term":[{"taxonomy":"product_brand","embeddable":true,"href":"https:\/\/singuli.wpress.me\/index.php\/wp-json\/wp\/v2\/product_brand?post=46741"},{"taxonomy":"product_cat","embeddable":true,"href":"https:\/\/singuli.wpress.me\/index.php\/wp-json\/wp\/v2\/product_cat?post=46741"},{"taxonomy":"product_tag","embeddable":true,"href":"https:\/\/singuli.wpress.me\/index.php\/wp-json\/wp\/v2\/product_tag?post=46741"}],"curies":[{"name":"wp","href":"https:\/\/api.w.org\/{rel}","templated":true}]}}