{"id":46744,"date":"2026-04-21T00:35:21","date_gmt":"2026-04-21T00:35:21","guid":{"rendered":"https:\/\/singuli.wpress.me\/index.php\/proizvod\/gillette-sensor3-poklon-paket-brijac-5-zamjenskih-britvica-i-mini-gel\/"},"modified":"2026-04-21T00:35:21","modified_gmt":"2026-04-21T00:35:21","slug":"gillette-sensor3-poklon-paket-brijac-5-zamjenskih-britvica-i-mini-gel","status":"publish","type":"product","link":"https:\/\/singuli.wpress.me\/index.php\/proizvod\/gillette-sensor3-poklon-paket-brijac-5-zamjenskih-britvica-i-mini-gel\/","title":{"rendered":"GILLETTE Sensor3, poklon paket, brija\u010d, 5 zamjenskih britvica i mini gel"},"content":{"rendered":"<p>Poklonite mu glatko i temeljito brijanje, odaberite darovni komplet za mu\u0161karce s brija\u010dem Gillette Sensor3! Sadr\u017ei brija\u010d Sensor3, 5 zamjenskih britvica i gel za brijanje Series Sensitive od 75 ml. Brija\u010d ima metalnu dr\u0161ku, tri individualno prilagodljive o\u0161trice, lubrikantnu trakicu i pokretljivu glavu. Gel za brijanje hidratizira tijekom brijanja i poma\u017ee za\u0161tititi ko\u017eu od iritacije.<\/p>\n","protected":false},"excerpt":{"rendered":"<p>Glatko i temeljito brijanje<br \/>\nO\u0161trice za osjetljivu ko\u017eu<br \/>\nZamjenska britvica ima lubrikantnu trakicu i mikrokrilca Skin Guard<\/p>\n","protected":false},"featured_media":46745,"template":"","meta":{"_seopress_robots_primary_cat":"","_seopress_titles_title":"","_seopress_titles_desc":"","_seopress_robots_index":"","iawp_total_views":0},"product_brand":[323],"product_cat":[261,277],"product_tag":[],"class_list":{"0":"post-46744","1":"product","2":"type-product","3":"status-publish","4":"has-post-thumbnail","6":"product_brand-gillette","7":"product_cat-hrana-i-pice","8":"product_cat-slatkisi-i-grickalice-261","10":"first","11":"outofstock","12":"shipping-taxable","13":"purchasable","14":"product-type-simple"},"_links":{"self":[{"href":"https:\/\/singuli.wpress.me\/index.php\/wp-json\/wp\/v2\/product\/46744","targetHints":{"allow":["GET"]}}],"collection":[{"href":"https:\/\/singuli.wpress.me\/index.php\/wp-json\/wp\/v2\/product"}],"about":[{"href":"https:\/\/singuli.wpress.me\/index.php\/wp-json\/wp\/v2\/types\/product"}],"version-history":[{"count":0,"href":"https:\/\/singuli.wpress.me\/index.php\/wp-json\/wp\/v2\/product\/46744\/revisions"}],"wp:featuredmedia":[{"embeddable":true,"href":"https:\/\/singuli.wpress.me\/index.php\/wp-json\/wp\/v2\/media\/46745"}],"wp:attachment":[{"href":"https:\/\/singuli.wpress.me\/index.php\/wp-json\/wp\/v2\/media?parent=46744"}],"wp:term":[{"taxonomy":"product_brand","embeddable":true,"href":"https:\/\/singuli.wpress.me\/index.php\/wp-json\/wp\/v2\/product_brand?post=46744"},{"taxonomy":"product_cat","embeddable":true,"href":"https:\/\/singuli.wpress.me\/index.php\/wp-json\/wp\/v2\/product_cat?post=46744"},{"taxonomy":"product_tag","embeddable":true,"href":"https:\/\/singuli.wpress.me\/index.php\/wp-json\/wp\/v2\/product_tag?post=46744"}],"curies":[{"name":"wp","href":"https:\/\/api.w.org\/{rel}","templated":true}]}}