{"id":46753,"date":"2026-04-21T00:35:24","date_gmt":"2026-04-21T00:35:24","guid":{"rendered":"https:\/\/singuli.wpress.me\/index.php\/proizvod\/gillette-venus-smooth-poklon-paket-2\/"},"modified":"2026-04-21T00:35:24","modified_gmt":"2026-04-21T00:35:24","slug":"gillette-venus-smooth-poklon-paket-2","status":"publish","type":"product","link":"https:\/\/singuli.wpress.me\/index.php\/proizvod\/gillette-venus-smooth-poklon-paket-2\/","title":{"rendered":"GILLETTE Venus Smooth, poklon paket"},"content":{"rendered":"<p>U\u017eivajte u glatkoj ko\u017ei uz brija\u010d Smooth s 3 o\u0161trice i tehnologijom SkinCushion\u2122 koja poma\u017ee za\u0161tititi ko\u017eu od nadra\u017eivanja uzrokovanog brijanjem. O\u0161trice brija\u010da dizajnirane su za du\u017eu upotrebu pa britvicu treba mijenjati tek svakih 30 dana.* Dr\u0161ku s mekanim hvati\u0161tem, naravno, mo\u017eete zadr\u017eati i na nju postaviti novu zamjensku britvicu jer sve zamjenske britvice Venus odgovaraju svim dr\u0161kama Venus (osim Simply Venus i Venus Pubic Hair &amp; Skin). Za izvrsne rezultate koristite brija\u010d Smooth s gelom za brijanje za \u017eene Gillette Satin Care Sensitive Skin Aloe Vera Glide koji je posebno namijenjen osjetljivoj ko\u017ei i ostavlja je mekom i svilenkasto glatkom nakon svakog brijanja. Blagog je mirisa a sadr\u017ei napredne lubrikante koji omogu\u0107uju nevjerojatno klizanje britvice za za\u0161titu osjetljive ko\u017ee od iritacije uzrokovane brijanjem. *kod brijanja dvaput tjedno<\/p>\n<p><span style=\"font-weight: bold\">Paket sadr\u017ei&nbsp;brija\u010d, 2 zamjenske britvice i gel.<\/span><\/p>\n<p><\/p>\n","protected":false},"excerpt":{"rendered":"<p>Paket sadr\u017ei brija\u010d, 2 zamjenske britvice i gel<br \/>\nIzdr\u017eljiv dizajn o\u0161trica za du\u017eu upotrebu, britvice poma\u017eu za\u0161titi ko\u017eu od iritacija uzrokovanih brijanjem<br \/>\nSve britvice Venus mogu se koristiti sa svim dr\u0161kama Venus<\/p>\n","protected":false},"featured_media":46754,"template":"","meta":{"_seopress_robots_primary_cat":"","_seopress_titles_title":"","_seopress_titles_desc":"","_seopress_robots_index":"","iawp_total_views":0},"product_brand":[323],"product_cat":[261,277],"product_tag":[],"class_list":{"0":"post-46753","1":"product","2":"type-product","3":"status-publish","4":"has-post-thumbnail","6":"product_brand-gillette","7":"product_cat-hrana-i-pice","8":"product_cat-slatkisi-i-grickalice-261","10":"first","11":"instock","12":"shipping-taxable","13":"purchasable","14":"product-type-simple"},"_links":{"self":[{"href":"https:\/\/singuli.wpress.me\/index.php\/wp-json\/wp\/v2\/product\/46753","targetHints":{"allow":["GET"]}}],"collection":[{"href":"https:\/\/singuli.wpress.me\/index.php\/wp-json\/wp\/v2\/product"}],"about":[{"href":"https:\/\/singuli.wpress.me\/index.php\/wp-json\/wp\/v2\/types\/product"}],"version-history":[{"count":0,"href":"https:\/\/singuli.wpress.me\/index.php\/wp-json\/wp\/v2\/product\/46753\/revisions"}],"wp:featuredmedia":[{"embeddable":true,"href":"https:\/\/singuli.wpress.me\/index.php\/wp-json\/wp\/v2\/media\/46754"}],"wp:attachment":[{"href":"https:\/\/singuli.wpress.me\/index.php\/wp-json\/wp\/v2\/media?parent=46753"}],"wp:term":[{"taxonomy":"product_brand","embeddable":true,"href":"https:\/\/singuli.wpress.me\/index.php\/wp-json\/wp\/v2\/product_brand?post=46753"},{"taxonomy":"product_cat","embeddable":true,"href":"https:\/\/singuli.wpress.me\/index.php\/wp-json\/wp\/v2\/product_cat?post=46753"},{"taxonomy":"product_tag","embeddable":true,"href":"https:\/\/singuli.wpress.me\/index.php\/wp-json\/wp\/v2\/product_tag?post=46753"}],"curies":[{"name":"wp","href":"https:\/\/api.w.org\/{rel}","templated":true}]}}