{"id":46757,"date":"2026-04-21T00:35:25","date_gmt":"2026-04-21T00:35:25","guid":{"rendered":"https:\/\/singuli.wpress.me\/index.php\/proizvod\/old-spice-pirate-card-box-poklon-paket\/"},"modified":"2026-04-21T00:35:25","modified_gmt":"2026-04-21T00:35:25","slug":"old-spice-pirate-card-box-poklon-paket","status":"publish","type":"product","link":"https:\/\/singuli.wpress.me\/index.php\/proizvod\/old-spice-pirate-card-box-poklon-paket\/","title":{"rendered":"OLD SPICE Pirate Card Box, poklon paket"},"content":{"rendered":"<p>Tra\u017eite li savr\u0161en poklon za njega, darovni kompleti Old Spice pravo su rje\u0161enje. Darovni kompleti za mu\u0161karce Old Spice najbolji su izbor kada \u017eelite zadiviti modernog mu\u0161karca jer je jednostavno nemogu\u0107e pogrije\u0161iti s neodoljivim mu\u017eevnim mirisima Old Spice. <span style=\"font-weight: bold\">Darovni komplet Old Spice Pirate Card Box sadr\u017ei dezodorans u stiku Whitewater, dezodorans u spreju Whitewater, gel za tu\u0161iranje Whitewater i losion za njegu nakon brijanja Whitewater, kao i legendarne igra\u0107e karte Old Spice.<\/span> Proizvodi s mirisom Whitewater za mu\u0161karce s blistavim notama limuna i limete u \u010distoj, zaokru\u017eenoj bazi dolaze u kartonskoj kutiji Old Spice za vi\u0161ekratnu upotrebu s magnetnim zatvaranjem. Naposljetku, omot darovnog kompleta izra\u0111en je od 80% recikliranog papira i materijala iz odgovornih izvora s certifikatom FSC.  Kako to da ovaj darovni komplet Old Spice za mu\u0161karce nije ve\u0107 u va\u0161oj ko\u0161arici?<\/p>\n","protected":false},"excerpt":{"rendered":"<p>Poklon paket sadr\u017ei dezodorans u stiku Whitewater, dezodorans u spreju Whitewater, gel za tu\u0161iranje Whitewater i losion za njegu nakon brijanja Whitewater, te legendarne igra\u0107e karte Old Spice<br \/>\nOvaj darovni komplet za mu\u0161karce dostupan je u crvenoj kartonskoj kutiji za vi\u0161ekratnu upotrebu s magnetnim zatvaranjem<br \/>\nMiris za mu\u0161karce s blistavim notama limuna i limete u \u010distoj, zaokru\u017eenoj bazi<\/p>\n","protected":false},"featured_media":46758,"template":"","meta":{"_seopress_robots_primary_cat":"","_seopress_titles_title":"","_seopress_titles_desc":"","_seopress_robots_index":"","iawp_total_views":0},"product_brand":[448],"product_cat":[261,277],"product_tag":[],"class_list":{"0":"post-46757","1":"product","2":"type-product","3":"status-publish","4":"has-post-thumbnail","6":"product_brand-old-spice","7":"product_cat-hrana-i-pice","8":"product_cat-slatkisi-i-grickalice-261","10":"first","11":"outofstock","12":"shipping-taxable","13":"purchasable","14":"product-type-simple"},"_links":{"self":[{"href":"https:\/\/singuli.wpress.me\/index.php\/wp-json\/wp\/v2\/product\/46757","targetHints":{"allow":["GET"]}}],"collection":[{"href":"https:\/\/singuli.wpress.me\/index.php\/wp-json\/wp\/v2\/product"}],"about":[{"href":"https:\/\/singuli.wpress.me\/index.php\/wp-json\/wp\/v2\/types\/product"}],"version-history":[{"count":0,"href":"https:\/\/singuli.wpress.me\/index.php\/wp-json\/wp\/v2\/product\/46757\/revisions"}],"wp:featuredmedia":[{"embeddable":true,"href":"https:\/\/singuli.wpress.me\/index.php\/wp-json\/wp\/v2\/media\/46758"}],"wp:attachment":[{"href":"https:\/\/singuli.wpress.me\/index.php\/wp-json\/wp\/v2\/media?parent=46757"}],"wp:term":[{"taxonomy":"product_brand","embeddable":true,"href":"https:\/\/singuli.wpress.me\/index.php\/wp-json\/wp\/v2\/product_brand?post=46757"},{"taxonomy":"product_cat","embeddable":true,"href":"https:\/\/singuli.wpress.me\/index.php\/wp-json\/wp\/v2\/product_cat?post=46757"},{"taxonomy":"product_tag","embeddable":true,"href":"https:\/\/singuli.wpress.me\/index.php\/wp-json\/wp\/v2\/product_tag?post=46757"}],"curies":[{"name":"wp","href":"https:\/\/api.w.org\/{rel}","templated":true}]}}