{"id":46762,"date":"2026-04-21T00:35:28","date_gmt":"2026-04-21T00:35:28","guid":{"rendered":"https:\/\/singuli.wpress.me\/index.php\/proizvod\/old-spice-traveller-poklon-paket\/"},"modified":"2026-04-21T00:35:28","modified_gmt":"2026-04-21T00:35:28","slug":"old-spice-traveller-poklon-paket","status":"publish","type":"product","link":"https:\/\/singuli.wpress.me\/index.php\/proizvod\/old-spice-traveller-poklon-paket\/","title":{"rendered":"OLD SPICE Traveller, poklon paket"},"content":{"rendered":"<p>Tra\u017eite li savr\u0161en poklon za njega, darovni kompleti Old Spice pravo su rje\u0161enje. Darovni kompleti za mu\u0161karce Old Spice najbolji su izbor kada \u017eelite zadiviti modernog mu\u0161karca jer je jednostavno nemogu\u0107e pogrije\u0161iti s neodoljivim mu\u017eevnim mirisima Old Spice. <span style=\"font-weight: bold\">Darovni komplet Old Spice Traveller s toaletnom torbicom sadr\u017ei dezodorans u stiku Captain, gel za tu\u0161iranje Captain i losion za njegu nakon brijanja Captain<\/span>, sve u prepoznatljivoj toaletnoj torbici Old Spice koja se mo\u017ee ponovo koristiti za no\u0161enje toaletnih potrep\u0161tina na treninge i putovanja. Darovni komplet donosi miris Captain s vodenim i citrusnim notama. Njegov moderan miris za mu\u0161karce na\u0161 je najbolje ocijenjeni miris (istra\u017eivanje mirisa najve\u0107ih konkurenata u kojem je sudjelovao 121 mu\u0161karac, a provedeno je 2021. u Ujedinjenom Kraljevstvu), pa s njime jednostavno ne mo\u017eete pogrije\u0161iti. Naposljetku, omot darovnog kompleta izra\u0111en je od 80% recikliranog papira i materijala iz odgovornih izvora s certifikatom FSC. Kako to da ovaj darovni komplet Old Spice za mu\u0161karce nije ve\u0107 u va\u0161oj ko\u0161arici? <\/p>\n","protected":false},"excerpt":{"rendered":"<p>Darovni kompleti za mu\u0161karce Old Spice s neodoljivim mirisima<br \/>\nPoklon paket s toaletnom torbicom sadr\u017ei dezodorans u stiku Captain, gel za tu\u0161iranje Captain i losion za njegu nakon brijanja Captain<br \/>\n2 mirisa za mu\u0161karce: Captain s vodenim i citrusnim notama i Deep Sea sa svje\u017eim mirisom oceana<\/p>\n","protected":false},"featured_media":46763,"template":"","meta":{"_seopress_robots_primary_cat":"","_seopress_titles_title":"","_seopress_titles_desc":"","_seopress_robots_index":"","iawp_total_views":0},"product_brand":[448],"product_cat":[261,277],"product_tag":[],"class_list":{"0":"post-46762","1":"product","2":"type-product","3":"status-publish","4":"has-post-thumbnail","6":"product_brand-old-spice","7":"product_cat-hrana-i-pice","8":"product_cat-slatkisi-i-grickalice-261","10":"first","11":"outofstock","12":"shipping-taxable","13":"purchasable","14":"product-type-simple"},"_links":{"self":[{"href":"https:\/\/singuli.wpress.me\/index.php\/wp-json\/wp\/v2\/product\/46762","targetHints":{"allow":["GET"]}}],"collection":[{"href":"https:\/\/singuli.wpress.me\/index.php\/wp-json\/wp\/v2\/product"}],"about":[{"href":"https:\/\/singuli.wpress.me\/index.php\/wp-json\/wp\/v2\/types\/product"}],"version-history":[{"count":0,"href":"https:\/\/singuli.wpress.me\/index.php\/wp-json\/wp\/v2\/product\/46762\/revisions"}],"wp:featuredmedia":[{"embeddable":true,"href":"https:\/\/singuli.wpress.me\/index.php\/wp-json\/wp\/v2\/media\/46763"}],"wp:attachment":[{"href":"https:\/\/singuli.wpress.me\/index.php\/wp-json\/wp\/v2\/media?parent=46762"}],"wp:term":[{"taxonomy":"product_brand","embeddable":true,"href":"https:\/\/singuli.wpress.me\/index.php\/wp-json\/wp\/v2\/product_brand?post=46762"},{"taxonomy":"product_cat","embeddable":true,"href":"https:\/\/singuli.wpress.me\/index.php\/wp-json\/wp\/v2\/product_cat?post=46762"},{"taxonomy":"product_tag","embeddable":true,"href":"https:\/\/singuli.wpress.me\/index.php\/wp-json\/wp\/v2\/product_tag?post=46762"}],"curies":[{"name":"wp","href":"https:\/\/api.w.org\/{rel}","templated":true}]}}