{"id":46783,"date":"2026-04-21T00:35:41","date_gmt":"2026-04-21T00:35:41","guid":{"rendered":"https:\/\/singuli.wpress.me\/index.php\/proizvod\/old-spice-gamebox-poklon-paket-2\/"},"modified":"2026-04-21T00:35:41","modified_gmt":"2026-04-21T00:35:41","slug":"old-spice-gamebox-poklon-paket-2","status":"publish","type":"product","link":"https:\/\/singuli.wpress.me\/index.php\/proizvod\/old-spice-gamebox-poklon-paket-2\/","title":{"rendered":"OLD SPICE Gamebox, poklon paket"},"content":{"rendered":"<p>Tra\u017eite li savr\u0161en poklon za njega, darovni kompleti Old Spice pravo su rje\u0161enje. Darovni kompleti za mu\u0161karce Old Spice najbolji su izbor kada \u017eelite zadiviti modernog mu\u0161karca jer je jednostavno nemogu\u0107e pogrije\u0161iti s neodoljivim mu\u017eevnim mirisima Old Spice. <span style=\"font-weight: bold\">Darovni komplet Old Spice Gamebox sadr\u017ei dezodorans u stiku Night Panther, dezodorans u spreju Night Panther, i gel za tu\u0161iranje Night Panther od 400 ml, kao i 3 legendarne dru\u0161tvene igre: \u0161ah, backgammon i damu<\/span>. Proizvodi dolaze u kartonskoj kutiji Old Spice za vi\u0161ekratnu upotrebu s magnetnim zatvaranjem koja je korisna za skrivanje gejmerskih tajni. Proizvodi iz darovnog kompleta Gamebox donose miris Night Panther, gurmanski miris s notama tamne \u010dokolade i vanilije. Naposljetku, omot je izra\u0111en od 80% recikliranog papira i materijala iz odgovornih izvora s certifikatom FSC. Kako to da ovaj darovni komplet Old Spice za mu\u0161karce nije ve\u0107 u va\u0161oj ko\u0161arici?<\/p>\n","protected":false},"excerpt":{"rendered":"<p>Darovni kompleti za mu\u0161karce Old Spice s neodoljivim mu\u017eevnim mirisima<br \/>\nPoklon paket sadr\u017ei dezodorans u stiku Night Panther, dezodorans u spreju Night Panther, i gel za tu\u0161iranje Night Panther, te 3 legendarne dru\u0161tvene igre: \u0161ah, backgammon i damu<br \/>\nMiris s notama tamne \u010dokolade i vanilije<\/p>\n","protected":false},"featured_media":46784,"template":"","meta":{"_seopress_robots_primary_cat":"","_seopress_titles_title":"","_seopress_titles_desc":"","_seopress_robots_index":"","iawp_total_views":0},"product_brand":[448],"product_cat":[261,277],"product_tag":[],"class_list":{"0":"post-46783","1":"product","2":"type-product","3":"status-publish","4":"has-post-thumbnail","6":"product_brand-old-spice","7":"product_cat-hrana-i-pice","8":"product_cat-slatkisi-i-grickalice-261","10":"first","11":"outofstock","12":"shipping-taxable","13":"purchasable","14":"product-type-simple"},"_links":{"self":[{"href":"https:\/\/singuli.wpress.me\/index.php\/wp-json\/wp\/v2\/product\/46783","targetHints":{"allow":["GET"]}}],"collection":[{"href":"https:\/\/singuli.wpress.me\/index.php\/wp-json\/wp\/v2\/product"}],"about":[{"href":"https:\/\/singuli.wpress.me\/index.php\/wp-json\/wp\/v2\/types\/product"}],"version-history":[{"count":0,"href":"https:\/\/singuli.wpress.me\/index.php\/wp-json\/wp\/v2\/product\/46783\/revisions"}],"wp:featuredmedia":[{"embeddable":true,"href":"https:\/\/singuli.wpress.me\/index.php\/wp-json\/wp\/v2\/media\/46784"}],"wp:attachment":[{"href":"https:\/\/singuli.wpress.me\/index.php\/wp-json\/wp\/v2\/media?parent=46783"}],"wp:term":[{"taxonomy":"product_brand","embeddable":true,"href":"https:\/\/singuli.wpress.me\/index.php\/wp-json\/wp\/v2\/product_brand?post=46783"},{"taxonomy":"product_cat","embeddable":true,"href":"https:\/\/singuli.wpress.me\/index.php\/wp-json\/wp\/v2\/product_cat?post=46783"},{"taxonomy":"product_tag","embeddable":true,"href":"https:\/\/singuli.wpress.me\/index.php\/wp-json\/wp\/v2\/product_tag?post=46783"}],"curies":[{"name":"wp","href":"https:\/\/api.w.org\/{rel}","templated":true}]}}