{"id":46793,"date":"2026-04-21T00:35:47","date_gmt":"2026-04-21T00:35:47","guid":{"rendered":"https:\/\/singuli.wpress.me\/index.php\/proizvod\/old-spice-alpinist-poklon-paket\/"},"modified":"2026-04-23T00:28:11","modified_gmt":"2026-04-23T00:28:11","slug":"old-spice-alpinist-poklon-paket","status":"publish","type":"product","link":"https:\/\/singuli.wpress.me\/proizvod\/old-spice-alpinist-poklon-paket\/","title":{"rendered":"OLD SPICE Alpinist, poklon paket"},"content":{"rendered":"<p>Tra\u017eite li savr\u0161en poklon za njega, darovni kompleti Old Spice pravo su rje\u0161enje. Darovni kompleti za mu\u0161karce Old Spice najbolji su izbor kada \u017eelite zadiviti modernog mu\u0161karca jer je jednostavno nemogu\u0107e pogrije\u0161iti s neodoljivim mu\u017eevnim mirisima Old Spice. Darovni komplet Alpinist Old Spice<span style=\"font-weight: bold\"> sadr\u017ei dezodorans u stiku Whitewater, dezodorans u spreju Whitewater i gel za tu\u0161iranje Whitewater<\/span>. Proizvodi dolaze u kartonskoj kutiji s dizajnom Alpinist koja uklju\u010duje uradi-sam domino. Samo izre\u017eite dijelove sa strana kutije i u\u017eivajte. Proizvodi u darovnom kompletu Alpinist donose miris Whitewater za mu\u0161karce s blistavim notama limuna i limete u \u010distoj, zaokru\u017eenoj bazi. Naposljetku, omot darovnog kompleta izra\u0111en je od 80% recikliranog papira i materijala iz odgovornih izvora s certifikatom FSC. Kako to da ovaj darovni komplet Old Spice za mu\u0161karce nije ve\u0107 u va\u0161oj ko\u0161arici?<\/p>\n","protected":false},"excerpt":{"rendered":"<p>Paket sadr\u017ei dezodorans u stiku Whitewater, dezodorans u spreju Whitewater i gel za tu\u0161iranje Whitewater<br \/>\nIgra domino u kutiji: u\u017eivajte u igri i pru\u017eite darovnoj kutiji nov \u017eivot<br \/>\nMiris za mu\u0161karce s blistavim notama limuna i limete<\/p>\n","protected":false},"featured_media":46794,"template":"","meta":{"_seopress_robots_primary_cat":"","_seopress_titles_title":"","_seopress_titles_desc":"","_seopress_robots_index":"","iawp_total_views":0},"product_brand":[448],"product_cat":[261,277],"product_tag":[],"class_list":{"0":"post-46793","1":"product","2":"type-product","3":"status-publish","4":"has-post-thumbnail","6":"product_brand-old-spice","7":"product_cat-hrana-i-pice","8":"product_cat-slatkisi-i-grickalice-261","10":"first","11":"outofstock","12":"shipping-taxable","13":"purchasable","14":"product-type-simple"},"_links":{"self":[{"href":"https:\/\/singuli.wpress.me\/wp-json\/wp\/v2\/product\/46793","targetHints":{"allow":["GET"]}}],"collection":[{"href":"https:\/\/singuli.wpress.me\/wp-json\/wp\/v2\/product"}],"about":[{"href":"https:\/\/singuli.wpress.me\/wp-json\/wp\/v2\/types\/product"}],"version-history":[{"count":1,"href":"https:\/\/singuli.wpress.me\/wp-json\/wp\/v2\/product\/46793\/revisions"}],"predecessor-version":[{"id":49353,"href":"https:\/\/singuli.wpress.me\/wp-json\/wp\/v2\/product\/46793\/revisions\/49353"}],"wp:featuredmedia":[{"embeddable":true,"href":"https:\/\/singuli.wpress.me\/wp-json\/wp\/v2\/media\/46794"}],"wp:attachment":[{"href":"https:\/\/singuli.wpress.me\/wp-json\/wp\/v2\/media?parent=46793"}],"wp:term":[{"taxonomy":"product_brand","embeddable":true,"href":"https:\/\/singuli.wpress.me\/wp-json\/wp\/v2\/product_brand?post=46793"},{"taxonomy":"product_cat","embeddable":true,"href":"https:\/\/singuli.wpress.me\/wp-json\/wp\/v2\/product_cat?post=46793"},{"taxonomy":"product_tag","embeddable":true,"href":"https:\/\/singuli.wpress.me\/wp-json\/wp\/v2\/product_tag?post=46793"}],"curies":[{"name":"wp","href":"https:\/\/api.w.org\/{rel}","templated":true}]}}