{"id":46799,"date":"2026-04-21T00:35:52","date_gmt":"2026-04-21T00:35:52","guid":{"rendered":"https:\/\/singuli.wpress.me\/index.php\/proizvod\/old-spice-gentleman-poklon-paket-2\/"},"modified":"2026-04-21T00:35:52","modified_gmt":"2026-04-21T00:35:52","slug":"old-spice-gentleman-poklon-paket-2","status":"publish","type":"product","link":"https:\/\/singuli.wpress.me\/index.php\/proizvod\/old-spice-gentleman-poklon-paket-2\/","title":{"rendered":"OLD SPICE Gentleman, poklon paket"},"content":{"rendered":"<p>Tra\u017eite li savr\u0161en poklon za njega, darovni kompleti Old Spice pravo su rje\u0161enje. Darovni kompleti za mu\u0161karce Old Spice najbolji su izbor kada \u017eelite zadiviti modernog mu\u0161karca jer je jednostavno nemogu\u0107e pogrije\u0161iti s neodoljivim mu\u017eevnim mirisima Old Spice. <span style=\"font-weight: bold\">Darovni komplet Old Spice Gentleman sadr\u017ei dezodorans u stiku Captain, dezodorans u spreju Captain i gel za tu\u0161iranje za mu\u0161karce Captain.<\/span> Proizvodi dolaze u kartonskoj kutiji s dizajnom Gentleman koja uklju\u010duje uradi-sam domino. Samo izre\u017eite domino plo\u010dice sa strana kutije i u\u017eivajte u fantasti\u010dnoj igri. Ovaj darovni komplet donosi miris za mu\u0161karce Captain s vodenim i citrusnim notama, na\u0161 najbolje ocijenjeni miris (istra\u017eivanje mirisa najve\u0107ih konkurenata u kojem je sudjelovao 121 mu\u0161karac, a provedeno je 2021. u Ujedinjenom Kraljevstvu). S njime jednostavno ne mo\u017eete pogrije\u0161iti. Naposljetku, omot darovnog kompleta izra\u0111en je od 80% recikliranog papira i materijala iz odgovornih izvora s certifikatom FSC.  Kako to da ovaj darovni komplet Old Spice nije ve\u0107 u va\u0161oj ko\u0161arici?<\/p>\n","protected":false},"excerpt":{"rendered":"<p>Poklon paket sadr\u017ei dezodorans u stiku Captain, dezodorans u spreju Captain i gel za tu\u0161iranje za mu\u0161karce Captain.<br \/>\nIgra domino u kutiji: u\u017eivajte u igri i pru\u017eite darovnoj kutiji nov \u017eivot<br \/>\nModeran miris za mu\u0161karce s vodenim i citrusnim notama<\/p>\n","protected":false},"featured_media":46800,"template":"","meta":{"_seopress_robots_primary_cat":"","_seopress_titles_title":"","_seopress_titles_desc":"","_seopress_robots_index":"","iawp_total_views":0},"product_brand":[448],"product_cat":[261,277],"product_tag":[],"class_list":{"0":"post-46799","1":"product","2":"type-product","3":"status-publish","4":"has-post-thumbnail","6":"product_brand-old-spice","7":"product_cat-hrana-i-pice","8":"product_cat-slatkisi-i-grickalice-261","10":"first","11":"outofstock","12":"shipping-taxable","13":"purchasable","14":"product-type-simple"},"_links":{"self":[{"href":"https:\/\/singuli.wpress.me\/index.php\/wp-json\/wp\/v2\/product\/46799","targetHints":{"allow":["GET"]}}],"collection":[{"href":"https:\/\/singuli.wpress.me\/index.php\/wp-json\/wp\/v2\/product"}],"about":[{"href":"https:\/\/singuli.wpress.me\/index.php\/wp-json\/wp\/v2\/types\/product"}],"version-history":[{"count":0,"href":"https:\/\/singuli.wpress.me\/index.php\/wp-json\/wp\/v2\/product\/46799\/revisions"}],"wp:featuredmedia":[{"embeddable":true,"href":"https:\/\/singuli.wpress.me\/index.php\/wp-json\/wp\/v2\/media\/46800"}],"wp:attachment":[{"href":"https:\/\/singuli.wpress.me\/index.php\/wp-json\/wp\/v2\/media?parent=46799"}],"wp:term":[{"taxonomy":"product_brand","embeddable":true,"href":"https:\/\/singuli.wpress.me\/index.php\/wp-json\/wp\/v2\/product_brand?post=46799"},{"taxonomy":"product_cat","embeddable":true,"href":"https:\/\/singuli.wpress.me\/index.php\/wp-json\/wp\/v2\/product_cat?post=46799"},{"taxonomy":"product_tag","embeddable":true,"href":"https:\/\/singuli.wpress.me\/index.php\/wp-json\/wp\/v2\/product_tag?post=46799"}],"curies":[{"name":"wp","href":"https:\/\/api.w.org\/{rel}","templated":true}]}}