{"id":46817,"date":"2026-04-21T00:36:05","date_gmt":"2026-04-21T00:36:05","guid":{"rendered":"https:\/\/singuli.wpress.me\/index.php\/proizvod\/old-spice-gamer-poklon-paket-2\/"},"modified":"2026-04-21T00:36:05","modified_gmt":"2026-04-21T00:36:05","slug":"old-spice-gamer-poklon-paket-2","status":"publish","type":"product","link":"https:\/\/singuli.wpress.me\/index.php\/proizvod\/old-spice-gamer-poklon-paket-2\/","title":{"rendered":"OLD SPICE Gamer, poklon paket"},"content":{"rendered":"<p>Tra\u017eite li savr\u0161en poklon za njega, darovni kompleti Old Spice pravo su rje\u0161enje. Darovni kompleti za mu\u0161karce Old Spice najbolji su izbor kada \u017eelite zadiviti modernog mu\u0161karca jer je jednostavno nemogu\u0107e pogrije\u0161iti s neodoljivim mu\u017eevnim mirisima Old Spice. <span style=\"font-weight: bold\">Darovni komplet Old Spice Gamer sadr\u017ei dezodorans u stiku Captain, gel za tu\u0161iranje za mu\u0161karce Captain i igra\u0107e karte Old Spice.<\/span> Proizvodi dolaze u kartonskoj kutiji s dizajnom Gamer koja je savr\u0161ena za \u010destitanje prijateljima i rodbini gejmerima uz \u201eGGWP\u201d. Proizvodi u darovnom kompletu Gamer donose prepoznatljiv miris Wolfthorn za mu\u0161karce s notama mandarine, naran\u010de i tropskog vo\u0107a. Naposljetku, omot darovnog kompleta izra\u0111en je od 80% recikliranog papira i materijala iz odgovornih izvora s certifikatom FSC. Kako to da ovaj darovni komplet Old Spice za mu\u0161karce nije ve\u0107 u va\u0161oj ko\u0161arici?<\/p>\n","protected":false},"excerpt":{"rendered":"<p>Darovni kompleti za mu\u0161karce Old Spice s neodoljivim mirisima<br \/>\nPoklon paket sadr\u017ei dezodorans u stiku Captain, gel za tu\u0161iranje za mu\u0161karce Captain i igra\u0107e karte Old Spice.<br \/>\nMiris za mu\u0161karce s notama mandarine, naran\u010de i so\u010dnog tropskog vo\u0107a<\/p>\n","protected":false},"featured_media":46818,"template":"","meta":{"_seopress_robots_primary_cat":"","_seopress_titles_title":"","_seopress_titles_desc":"","_seopress_robots_index":"","iawp_total_views":0},"product_brand":[448],"product_cat":[261,277],"product_tag":[],"class_list":{"0":"post-46817","1":"product","2":"type-product","3":"status-publish","4":"has-post-thumbnail","6":"product_brand-old-spice","7":"product_cat-hrana-i-pice","8":"product_cat-slatkisi-i-grickalice-261","10":"first","11":"outofstock","12":"shipping-taxable","13":"purchasable","14":"product-type-simple"},"_links":{"self":[{"href":"https:\/\/singuli.wpress.me\/index.php\/wp-json\/wp\/v2\/product\/46817","targetHints":{"allow":["GET"]}}],"collection":[{"href":"https:\/\/singuli.wpress.me\/index.php\/wp-json\/wp\/v2\/product"}],"about":[{"href":"https:\/\/singuli.wpress.me\/index.php\/wp-json\/wp\/v2\/types\/product"}],"version-history":[{"count":0,"href":"https:\/\/singuli.wpress.me\/index.php\/wp-json\/wp\/v2\/product\/46817\/revisions"}],"wp:featuredmedia":[{"embeddable":true,"href":"https:\/\/singuli.wpress.me\/index.php\/wp-json\/wp\/v2\/media\/46818"}],"wp:attachment":[{"href":"https:\/\/singuli.wpress.me\/index.php\/wp-json\/wp\/v2\/media?parent=46817"}],"wp:term":[{"taxonomy":"product_brand","embeddable":true,"href":"https:\/\/singuli.wpress.me\/index.php\/wp-json\/wp\/v2\/product_brand?post=46817"},{"taxonomy":"product_cat","embeddable":true,"href":"https:\/\/singuli.wpress.me\/index.php\/wp-json\/wp\/v2\/product_cat?post=46817"},{"taxonomy":"product_tag","embeddable":true,"href":"https:\/\/singuli.wpress.me\/index.php\/wp-json\/wp\/v2\/product_tag?post=46817"}],"curies":[{"name":"wp","href":"https:\/\/api.w.org\/{rel}","templated":true}]}}