{"id":46834,"date":"2026-04-21T00:36:16","date_gmt":"2026-04-21T00:36:16","guid":{"rendered":"https:\/\/singuli.wpress.me\/index.php\/proizvod\/old-spice-dark-captain-poklon-paket\/"},"modified":"2026-04-23T00:28:11","modified_gmt":"2026-04-23T00:28:11","slug":"old-spice-dark-captain-poklon-paket","status":"publish","type":"product","link":"https:\/\/singuli.wpress.me\/proizvod\/old-spice-dark-captain-poklon-paket\/","title":{"rendered":"OLD SPICE Dark Captain, poklon paket"},"content":{"rendered":"<p>Tra\u017eite li savr\u0161en poklon za njega, darovni kompleti Old Spice pravo su rje\u0161enje. Darovni kompleti za mu\u0161karce Old Spice najbolji su izbor kada \u017eelite zadiviti modernog mu\u0161karca jer je jednostavno nemogu\u0107e pogrije\u0161iti s neodoljivim mu\u017eevnim mirisima Old Spice. <span style=\"font-weight: bold\">Darovni komplet Old Spice Dark Captain sadr\u017ei dezodorans u stiku Captain i gel za tu\u0161iranje Captain.<\/span> Proizvodi dolaze u kartonskoj kutiji s dizajnom Dark Captain koja je savr\u0161ena za ambicioznog pomorca ili pirata u va\u0161em \u017eivotu. Darovni komplet donosi miris Captain s vodenim i citrusnim notama. Ovaj moderni miris za mu\u0161karce na\u0161 je najbolje ocijenjeni miris*, pa s njime jednostavno ne mo\u017eete pogrije\u0161iti. Darovni komplet izra\u0111en je od 80% recikliranog papira i materijala iz odgovornih izvora s certifikatom FSC. Kako to da ovaj darovni komplet Old Spice za mu\u0161karce nije ve\u0107 u va\u0161oj ko\u0161arici? AHOY * Istra\u017eivanje mirisa najve\u0107ih konkurenata u kojem je sudjelovao 121 mu\u0161karac, a provedeno je 2021. u Ujedinjenom Kraljevstvu<\/p>\n","protected":false},"excerpt":{"rendered":"<p>Poklon paket sadr\u017ei dezodorans u stiku Captain i gel za tu\u0161iranje Captain<br \/>\nSavr\u0161eni darovni komplet za morske kapetane koji senzacionalno miri\u0161u<br \/>\nModernim mirisom za mu\u0161karce s vodenim i citrusnim notama<\/p>\n","protected":false},"featured_media":46835,"template":"","meta":{"_seopress_robots_primary_cat":"","_seopress_titles_title":"","_seopress_titles_desc":"","_seopress_robots_index":"","iawp_total_views":0},"product_brand":[448],"product_cat":[261,277],"product_tag":[],"class_list":{"0":"post-46834","1":"product","2":"type-product","3":"status-publish","4":"has-post-thumbnail","6":"product_brand-old-spice","7":"product_cat-hrana-i-pice","8":"product_cat-slatkisi-i-grickalice-261","10":"first","11":"outofstock","12":"shipping-taxable","13":"purchasable","14":"product-type-simple"},"_links":{"self":[{"href":"https:\/\/singuli.wpress.me\/wp-json\/wp\/v2\/product\/46834","targetHints":{"allow":["GET"]}}],"collection":[{"href":"https:\/\/singuli.wpress.me\/wp-json\/wp\/v2\/product"}],"about":[{"href":"https:\/\/singuli.wpress.me\/wp-json\/wp\/v2\/types\/product"}],"version-history":[{"count":1,"href":"https:\/\/singuli.wpress.me\/wp-json\/wp\/v2\/product\/46834\/revisions"}],"predecessor-version":[{"id":49359,"href":"https:\/\/singuli.wpress.me\/wp-json\/wp\/v2\/product\/46834\/revisions\/49359"}],"wp:featuredmedia":[{"embeddable":true,"href":"https:\/\/singuli.wpress.me\/wp-json\/wp\/v2\/media\/46835"}],"wp:attachment":[{"href":"https:\/\/singuli.wpress.me\/wp-json\/wp\/v2\/media?parent=46834"}],"wp:term":[{"taxonomy":"product_brand","embeddable":true,"href":"https:\/\/singuli.wpress.me\/wp-json\/wp\/v2\/product_brand?post=46834"},{"taxonomy":"product_cat","embeddable":true,"href":"https:\/\/singuli.wpress.me\/wp-json\/wp\/v2\/product_cat?post=46834"},{"taxonomy":"product_tag","embeddable":true,"href":"https:\/\/singuli.wpress.me\/wp-json\/wp\/v2\/product_tag?post=46834"}],"curies":[{"name":"wp","href":"https:\/\/api.w.org\/{rel}","templated":true}]}}