{"id":46840,"date":"2026-04-21T00:36:21","date_gmt":"2026-04-21T00:36:21","guid":{"rendered":"https:\/\/singuli.wpress.me\/index.php\/proizvod\/old-spice-astronaut-poklon-paket\/"},"modified":"2026-04-23T00:28:11","modified_gmt":"2026-04-23T00:28:11","slug":"old-spice-astronaut-poklon-paket","status":"publish","type":"product","link":"https:\/\/singuli.wpress.me\/proizvod\/old-spice-astronaut-poklon-paket\/","title":{"rendered":"OLD SPICE Astronaut, poklon paket"},"content":{"rendered":"<p>Tra\u017eite li savr\u0161en poklon za njega, darovni kompleti Old Spice pravo su rje\u0161enje. Darovni kompleti za mu\u0161karce Old Spice najbolji su izbor kada \u017eelite zadiviti modernog mu\u0161karca jer je jednostavno nemogu\u0107e pogrije\u0161iti s neodoljivim mu\u017eevnim mirisima Old Spice. <span style=\"font-weight: bold\">Darovni komplet Old Spice sadr\u017ei dezodorans u stiku i gel za tu\u0161iranje za mu\u0161karce.<\/span> Proizvodi dolaze u kartonskoj kutiji s dizajnom Footballer koja je savr\u0161ena za sve mu\u0161karce opsjednute nogometom u va\u0161em \u017eivotu. Proizvodi u darovnom kompletu&nbsp; donose miris s vodenim i citrusnim notama. Ovaj moderni miris za mu\u0161karce jedan je od na\u0161ih najprodavanijih mirisa, pa s njime jednostavno ne mo\u017eete pogrije\u0161iti. Naposljetku, omot darovnog kompleta izra\u0111en je od 80% recikliranog papira i materijala iz odgovornih izvora s certifikatom FSC. Kako to da ovaj darovni komplet Old Spice za mu\u0161karce nije ve\u0107 u va\u0161oj ko\u0161arici?<\/p>\n","protected":false},"excerpt":{"rendered":"<p>Poklon paket sadr\u017ei dezodorans u stiku i gel za tu\u0161iranje za mu\u0161karce Whitewater<br \/>\nSavr\u0161eni darovni komplet za one koji \u017eele dosegnuti mjesec<br \/>\nMiris za mu\u0161karce s blistavim notama limuna i limete<\/p>\n","protected":false},"featured_media":46841,"template":"","meta":{"_seopress_robots_primary_cat":"","_seopress_titles_title":"","_seopress_titles_desc":"","_seopress_robots_index":"","iawp_total_views":0},"product_brand":[448],"product_cat":[261,277],"product_tag":[],"class_list":{"0":"post-46840","1":"product","2":"type-product","3":"status-publish","4":"has-post-thumbnail","6":"product_brand-old-spice","7":"product_cat-hrana-i-pice","8":"product_cat-slatkisi-i-grickalice-261","10":"first","11":"outofstock","12":"shipping-taxable","13":"purchasable","14":"product-type-simple"},"_links":{"self":[{"href":"https:\/\/singuli.wpress.me\/wp-json\/wp\/v2\/product\/46840","targetHints":{"allow":["GET"]}}],"collection":[{"href":"https:\/\/singuli.wpress.me\/wp-json\/wp\/v2\/product"}],"about":[{"href":"https:\/\/singuli.wpress.me\/wp-json\/wp\/v2\/types\/product"}],"version-history":[{"count":1,"href":"https:\/\/singuli.wpress.me\/wp-json\/wp\/v2\/product\/46840\/revisions"}],"predecessor-version":[{"id":49360,"href":"https:\/\/singuli.wpress.me\/wp-json\/wp\/v2\/product\/46840\/revisions\/49360"}],"wp:featuredmedia":[{"embeddable":true,"href":"https:\/\/singuli.wpress.me\/wp-json\/wp\/v2\/media\/46841"}],"wp:attachment":[{"href":"https:\/\/singuli.wpress.me\/wp-json\/wp\/v2\/media?parent=46840"}],"wp:term":[{"taxonomy":"product_brand","embeddable":true,"href":"https:\/\/singuli.wpress.me\/wp-json\/wp\/v2\/product_brand?post=46840"},{"taxonomy":"product_cat","embeddable":true,"href":"https:\/\/singuli.wpress.me\/wp-json\/wp\/v2\/product_cat?post=46840"},{"taxonomy":"product_tag","embeddable":true,"href":"https:\/\/singuli.wpress.me\/wp-json\/wp\/v2\/product_tag?post=46840"}],"curies":[{"name":"wp","href":"https:\/\/api.w.org\/{rel}","templated":true}]}}