{"id":46846,"date":"2026-04-21T00:36:24","date_gmt":"2026-04-21T00:36:24","guid":{"rendered":"https:\/\/singuli.wpress.me\/index.php\/proizvod\/old-spice-footballer-poklon-paket-2-proizvoda-captain-2-proizvoda-deep-sea-i-toaletna-torbica\/"},"modified":"2026-04-21T00:36:25","modified_gmt":"2026-04-21T00:36:25","slug":"old-spice-footballer-poklon-paket-2-proizvoda-captain-2-proizvoda-deep-sea-i-toaletna-torbica","status":"publish","type":"product","link":"https:\/\/singuli.wpress.me\/index.php\/proizvod\/old-spice-footballer-poklon-paket-2-proizvoda-captain-2-proizvoda-deep-sea-i-toaletna-torbica\/","title":{"rendered":"OLD SPICE Footballer, poklon paket, 2 proizvoda Captain, 2 proizvoda Deep Sea i toaletna torbica"},"content":{"rendered":"<p>Tra\u017eite li savr\u0161en poklon za njega, darovni kompleti Old Spice pravo su rje\u0161enje. Darovni kompleti za mu\u0161karce Old Spice najbolji su izbor kada \u017eelite zadiviti modernog mu\u0161karca jer je jednostavno nemogu\u0107e pogrije\u0161iti s neodoljivim mu\u017eevnim mirisima Old Spice. Darovni komplet Footballer Old Spice s toaletnom torbicom sadr\u017ei dezodorans u stiku Captain i gel za tu\u0161iranje za mu\u0161karce Captain te dezodorans u stiku Deep Sea i gel za tu\u0161iranje za mu\u0161karce Deep Sea, sve u prepoznatljivoj toaletnoj torbici Old Spice. Donosi miris Captain, na\u0161 najbolje ocijenjeni miris (istra\u017eivanje mirisa najve\u0107ih konkurenata u kojem je sudjelovao 121 mu\u0161karac, a provedeno je 2021. u Ujedinjenom Kraljevstvu) s vodenim i citrusnim notama te miris Deep Sea Fresh Ocean. Jednostavno ne mo\u017eete pogrije\u0161iti s ovom kombinacijom. Naposljetku, omot darovnog kompleta izra\u0111en je od 80% recikliranog papira i materijala iz odgovornih izvora s certifikatom FSC. Kako to da ovaj darovni komplet Old Spice za mu\u0161karce nije ve\u0107 u va\u0161oj ko\u0161arici? <\/p>\n","protected":false},"excerpt":{"rendered":"<p>Darovni kompleti za mu\u0161karce Old Spice s neodoljivim mirisima<br \/>\nOvaj darovni komplet za mu\u0161karce sadr\u017ei toaletnu torbicu Old Spice za vi\u0161ekratnu upotrebu<br \/>\n2 mirisa za mu\u0161karce: Captain s vodenim i citrusnim notama i Deep Sea sa svje\u017eim mirisom oceana<\/p>\n","protected":false},"featured_media":46847,"template":"","meta":{"_seopress_robots_primary_cat":"","_seopress_titles_title":"","_seopress_titles_desc":"","_seopress_robots_index":"","iawp_total_views":0},"product_brand":[448],"product_cat":[261,277],"product_tag":[],"class_list":{"0":"post-46846","1":"product","2":"type-product","3":"status-publish","4":"has-post-thumbnail","6":"product_brand-old-spice","7":"product_cat-hrana-i-pice","8":"product_cat-slatkisi-i-grickalice-261","10":"first","11":"outofstock","12":"shipping-taxable","13":"purchasable","14":"product-type-simple"},"_links":{"self":[{"href":"https:\/\/singuli.wpress.me\/index.php\/wp-json\/wp\/v2\/product\/46846","targetHints":{"allow":["GET"]}}],"collection":[{"href":"https:\/\/singuli.wpress.me\/index.php\/wp-json\/wp\/v2\/product"}],"about":[{"href":"https:\/\/singuli.wpress.me\/index.php\/wp-json\/wp\/v2\/types\/product"}],"version-history":[{"count":0,"href":"https:\/\/singuli.wpress.me\/index.php\/wp-json\/wp\/v2\/product\/46846\/revisions"}],"wp:featuredmedia":[{"embeddable":true,"href":"https:\/\/singuli.wpress.me\/index.php\/wp-json\/wp\/v2\/media\/46847"}],"wp:attachment":[{"href":"https:\/\/singuli.wpress.me\/index.php\/wp-json\/wp\/v2\/media?parent=46846"}],"wp:term":[{"taxonomy":"product_brand","embeddable":true,"href":"https:\/\/singuli.wpress.me\/index.php\/wp-json\/wp\/v2\/product_brand?post=46846"},{"taxonomy":"product_cat","embeddable":true,"href":"https:\/\/singuli.wpress.me\/index.php\/wp-json\/wp\/v2\/product_cat?post=46846"},{"taxonomy":"product_tag","embeddable":true,"href":"https:\/\/singuli.wpress.me\/index.php\/wp-json\/wp\/v2\/product_tag?post=46846"}],"curies":[{"name":"wp","href":"https:\/\/api.w.org\/{rel}","templated":true}]}}