{"id":46863,"date":"2026-04-21T00:36:36","date_gmt":"2026-04-21T00:36:36","guid":{"rendered":"https:\/\/singuli.wpress.me\/index.php\/proizvod\/headshoulders-poklon-paket-s-2-gilette-proizvoda\/"},"modified":"2026-04-21T00:36:36","modified_gmt":"2026-04-21T00:36:36","slug":"headshoulders-poklon-paket-s-2-gilette-proizvoda","status":"publish","type":"product","link":"https:\/\/singuli.wpress.me\/index.php\/proizvod\/headshoulders-poklon-paket-s-2-gilette-proizvoda\/","title":{"rendered":"HEAD&amp;SHOULDERS, poklon paket, s 2 Gilette proizvoda"},"content":{"rendered":"<p>Tra\u017eite poklon za mu\u0161karca? Poklonite mu darovni komplet s proizvodima Head &amp; Shoulders i Gillette u lijepoj kozmeti\u010dkoj torbici. \u0160ampon protiv peruti Head &amp; Shoulders Deep Cleanse ulazi duboko u pore vlasi\u0161ta i bori se protiv masno\u0107e te djeluje na glavni uzrok peruti. Pru\u017ea do 72 sata za\u0161tite od peruti, svrbe\u017ea i suho\u0107e (vidljive ljuskice, uz redovitu upotrebu; svrbe\u017e zbog peruti). Njegova napredna formula je bez silikona, pH uravnote\u017eena te oboga\u0107ena antioksidansima, za kosu koja je klini\u010dki dokazno do 100% bez peruti (vidljive ljuskice, uz redovitu upotrebu). Gel za brijanje Gillette Fusion5 za izuzetno osjetljivu ko\u017eu sadr\u017eava Ultra Comfort Complex koji rashla\u0111uje i umiruje te poma\u017ee za\u0161tititi ko\u017eu tijekom brijanja, pru\u017eaju\u0107i joj osje\u0107aj \u010disto\u0107e i ugodnosti. Sve to u ovom jednom kompletu.<\/p>\n","protected":false},"excerpt":{"rendered":"<p>Za kosu do 100% bez peruti<br \/>\nNe sadr\u017eava silikone, uravnote\u017eenog je pH i oboga\u0107en je antioksidansima<br \/>\nGel za brijanje za mu\u0161karce, \u010dini brijanje ugodnijim za ko\u017eu<\/p>\n","protected":false},"featured_media":46864,"template":"","meta":{"_seopress_robots_primary_cat":"","_seopress_titles_title":"","_seopress_titles_desc":"","_seopress_robots_index":"","iawp_total_views":0},"product_brand":[443],"product_cat":[261,277],"product_tag":[],"class_list":{"0":"post-46863","1":"product","2":"type-product","3":"status-publish","4":"has-post-thumbnail","6":"product_brand-headshoulders","7":"product_cat-hrana-i-pice","8":"product_cat-slatkisi-i-grickalice-261","10":"first","11":"outofstock","12":"shipping-taxable","13":"purchasable","14":"product-type-simple"},"_links":{"self":[{"href":"https:\/\/singuli.wpress.me\/index.php\/wp-json\/wp\/v2\/product\/46863","targetHints":{"allow":["GET"]}}],"collection":[{"href":"https:\/\/singuli.wpress.me\/index.php\/wp-json\/wp\/v2\/product"}],"about":[{"href":"https:\/\/singuli.wpress.me\/index.php\/wp-json\/wp\/v2\/types\/product"}],"version-history":[{"count":0,"href":"https:\/\/singuli.wpress.me\/index.php\/wp-json\/wp\/v2\/product\/46863\/revisions"}],"wp:featuredmedia":[{"embeddable":true,"href":"https:\/\/singuli.wpress.me\/index.php\/wp-json\/wp\/v2\/media\/46864"}],"wp:attachment":[{"href":"https:\/\/singuli.wpress.me\/index.php\/wp-json\/wp\/v2\/media?parent=46863"}],"wp:term":[{"taxonomy":"product_brand","embeddable":true,"href":"https:\/\/singuli.wpress.me\/index.php\/wp-json\/wp\/v2\/product_brand?post=46863"},{"taxonomy":"product_cat","embeddable":true,"href":"https:\/\/singuli.wpress.me\/index.php\/wp-json\/wp\/v2\/product_cat?post=46863"},{"taxonomy":"product_tag","embeddable":true,"href":"https:\/\/singuli.wpress.me\/index.php\/wp-json\/wp\/v2\/product_tag?post=46863"}],"curies":[{"name":"wp","href":"https:\/\/api.w.org\/{rel}","templated":true}]}}