{"id":46865,"date":"2026-04-21T00:36:36","date_gmt":"2026-04-21T00:36:36","guid":{"rendered":"https:\/\/singuli.wpress.me\/index.php\/proizvod\/headshoulders-poklon-paket-s-2-old-spice-proizvoda\/"},"modified":"2026-04-21T00:36:36","modified_gmt":"2026-04-21T00:36:36","slug":"headshoulders-poklon-paket-s-2-old-spice-proizvoda","status":"publish","type":"product","link":"https:\/\/singuli.wpress.me\/index.php\/proizvod\/headshoulders-poklon-paket-s-2-old-spice-proizvoda\/","title":{"rendered":"HEAD&amp;SHOULDERS, poklon paket, s 2 Old Spice proizvoda"},"content":{"rendered":"<p>Tra\u017eite poklon za zaljubljenika u sport? S ovim ne mo\u017eete pogrije\u0161iti. Ovaj komplet sadr\u017eava \u0161ampon protiv peruti Head &amp; Shoulders Deep Cleanse Oil Control i dezodorans Old Spice Whitewater. Oba se proizvoda temelje na u\u010dinkovitim sastojcima kojima \u0107e zadovoljiti potrebe iznimno zahtjevnih mu\u0161karaca. Mu\u017eevan i nekonvencionalan mu\u0161karac trebao bi tako i mirisati: svje\u017ee i prirodno.<\/p>\n","protected":false},"excerpt":{"rendered":"<p>Do 72 sata za\u0161tite od peruti<br \/>\nNe sadr\u017eava silikone, uravnote\u017eenog je pH i oboga\u0107en je antioksidansima<br \/>\nMiris u kojem mo\u017eete uvijek iznova u\u017eivati<\/p>\n","protected":false},"featured_media":46866,"template":"","meta":{"_seopress_robots_primary_cat":"","_seopress_titles_title":"","_seopress_titles_desc":"","_seopress_robots_index":"","iawp_total_views":0},"product_brand":[443],"product_cat":[261,277],"product_tag":[],"class_list":{"0":"post-46865","1":"product","2":"type-product","3":"status-publish","4":"has-post-thumbnail","6":"product_brand-headshoulders","7":"product_cat-hrana-i-pice","8":"product_cat-slatkisi-i-grickalice-261","10":"first","11":"outofstock","12":"shipping-taxable","13":"purchasable","14":"product-type-simple"},"_links":{"self":[{"href":"https:\/\/singuli.wpress.me\/index.php\/wp-json\/wp\/v2\/product\/46865","targetHints":{"allow":["GET"]}}],"collection":[{"href":"https:\/\/singuli.wpress.me\/index.php\/wp-json\/wp\/v2\/product"}],"about":[{"href":"https:\/\/singuli.wpress.me\/index.php\/wp-json\/wp\/v2\/types\/product"}],"version-history":[{"count":0,"href":"https:\/\/singuli.wpress.me\/index.php\/wp-json\/wp\/v2\/product\/46865\/revisions"}],"wp:featuredmedia":[{"embeddable":true,"href":"https:\/\/singuli.wpress.me\/index.php\/wp-json\/wp\/v2\/media\/46866"}],"wp:attachment":[{"href":"https:\/\/singuli.wpress.me\/index.php\/wp-json\/wp\/v2\/media?parent=46865"}],"wp:term":[{"taxonomy":"product_brand","embeddable":true,"href":"https:\/\/singuli.wpress.me\/index.php\/wp-json\/wp\/v2\/product_brand?post=46865"},{"taxonomy":"product_cat","embeddable":true,"href":"https:\/\/singuli.wpress.me\/index.php\/wp-json\/wp\/v2\/product_cat?post=46865"},{"taxonomy":"product_tag","embeddable":true,"href":"https:\/\/singuli.wpress.me\/index.php\/wp-json\/wp\/v2\/product_tag?post=46865"}],"curies":[{"name":"wp","href":"https:\/\/api.w.org\/{rel}","templated":true}]}}