{"id":46868,"date":"2026-04-21T00:36:37","date_gmt":"2026-04-21T00:36:37","guid":{"rendered":"https:\/\/singuli.wpress.me\/index.php\/proizvod\/pantene-intensive-repair-poklon-paket-3\/"},"modified":"2026-04-21T00:36:38","modified_gmt":"2026-04-21T00:36:38","slug":"pantene-intensive-repair-poklon-paket-3","status":"publish","type":"product","link":"https:\/\/singuli.wpress.me\/index.php\/proizvod\/pantene-intensive-repair-poklon-paket-3\/","title":{"rendered":"PANTENE Intensive Repair, poklon paket"},"content":{"rendered":"<p>Pridru\u017eite se revoluciji u njezi kose. Osim \u0161to \u010disti kosu, \u0161ampon Pantene Intensive Repair prodire duboko u nju i opskrbljuje je hranjivim tvarima. Revolucionarne formule nadilaze puko \u010di\u0161\u0107enje, unose\u0107i nutrijente duboko u vlasi kose. Intenzivni balzam 3 Minute Miracle u samo tri minute popravlja o\u0161te\u0107enja kose nastala u protekla tri mjeseca te ostavlja kosu njegovanom i sjajnom.<\/p>\n","protected":false},"excerpt":{"rendered":"<p>Prodire duboko u vlasi i nadopunjuje hranjive tvari<br \/>\nHrani kosu legendarnim provitaminom B5 s aktivnim antioksidansima i osna\u017euju\u0107im lipidima<br \/>\nRavnomjerno se nanosi po cijeloj duljini kose<\/p>\n","protected":false},"featured_media":46869,"template":"","meta":{"_seopress_robots_primary_cat":"","_seopress_titles_title":"","_seopress_titles_desc":"","_seopress_robots_index":"","iawp_total_views":0},"product_brand":[411],"product_cat":[261,277],"product_tag":[],"class_list":{"0":"post-46868","1":"product","2":"type-product","3":"status-publish","4":"has-post-thumbnail","6":"product_brand-pantene","7":"product_cat-hrana-i-pice","8":"product_cat-slatkisi-i-grickalice-261","10":"first","11":"outofstock","12":"shipping-taxable","13":"purchasable","14":"product-type-simple"},"_links":{"self":[{"href":"https:\/\/singuli.wpress.me\/index.php\/wp-json\/wp\/v2\/product\/46868","targetHints":{"allow":["GET"]}}],"collection":[{"href":"https:\/\/singuli.wpress.me\/index.php\/wp-json\/wp\/v2\/product"}],"about":[{"href":"https:\/\/singuli.wpress.me\/index.php\/wp-json\/wp\/v2\/types\/product"}],"version-history":[{"count":0,"href":"https:\/\/singuli.wpress.me\/index.php\/wp-json\/wp\/v2\/product\/46868\/revisions"}],"wp:featuredmedia":[{"embeddable":true,"href":"https:\/\/singuli.wpress.me\/index.php\/wp-json\/wp\/v2\/media\/46869"}],"wp:attachment":[{"href":"https:\/\/singuli.wpress.me\/index.php\/wp-json\/wp\/v2\/media?parent=46868"}],"wp:term":[{"taxonomy":"product_brand","embeddable":true,"href":"https:\/\/singuli.wpress.me\/index.php\/wp-json\/wp\/v2\/product_brand?post=46868"},{"taxonomy":"product_cat","embeddable":true,"href":"https:\/\/singuli.wpress.me\/index.php\/wp-json\/wp\/v2\/product_cat?post=46868"},{"taxonomy":"product_tag","embeddable":true,"href":"https:\/\/singuli.wpress.me\/index.php\/wp-json\/wp\/v2\/product_tag?post=46868"}],"curies":[{"name":"wp","href":"https:\/\/api.w.org\/{rel}","templated":true}]}}