{"id":46871,"date":"2026-04-21T00:36:39","date_gmt":"2026-04-21T00:36:39","guid":{"rendered":"https:\/\/singuli.wpress.me\/index.php\/proizvod\/pantene-hydra-box-poklon-paket\/"},"modified":"2026-04-21T00:36:39","modified_gmt":"2026-04-21T00:36:39","slug":"pantene-hydra-box-poklon-paket","status":"publish","type":"product","link":"https:\/\/singuli.wpress.me\/index.php\/proizvod\/pantene-hydra-box-poklon-paket\/","title":{"rendered":"PANTENE Hydra Box, poklon paket"},"content":{"rendered":"<p>Otkrijte Pantene Hydra Box, darovni komplet pun Panteneovih proizvoda uz koje \u0107e \u010dak i potpuno dehidrirana kosa ponovno zablistati. Hidratantni \u0161ampon Pantene Hydra Glow s biotinom i ekstraktom baobaba pru\u017ea njegu nakon koje \u010dak i potpuno dehidrirana kosa ponovno blista. Hidratantni balzam Pantene Pro-V Miracles Hydra Glow ostavlja kosu laganom, hidratiziranom i sjajnom zahvaljuju\u0107i kombinaciji legendarne formule s provitaminom B5, biotinom i ekstraktom baobaba, stabla iz afri\u010dke savane poznatog kao \u201edrvo \u017eivota\u201d. Maska Pantene Pro-V Intense Hydration Surge Sorbet o\u017eivljava \u010dak i kroni\u010dno suhu kosu dubinskim tretmanom kojim svaka vlas dobiva potrebnu hidrataciju.<\/p>\n","protected":false},"excerpt":{"rendered":"<p>Dubinski hidratizira kosu<br \/>\nKroni\u010dno suhoj kosi daje lepr\u0161avost i zdrav sjaj<br \/>\nPosebno osmi\u0161ljen spoj biotina, ekstrakta baobaba i provitamina B5<\/p>\n","protected":false},"featured_media":46872,"template":"","meta":{"_seopress_robots_primary_cat":"","_seopress_titles_title":"","_seopress_titles_desc":"","_seopress_robots_index":"","iawp_total_views":0},"product_brand":[411],"product_cat":[261,277],"product_tag":[],"class_list":{"0":"post-46871","1":"product","2":"type-product","3":"status-publish","4":"has-post-thumbnail","6":"product_brand-pantene","7":"product_cat-hrana-i-pice","8":"product_cat-slatkisi-i-grickalice-261","10":"first","11":"outofstock","12":"shipping-taxable","13":"purchasable","14":"product-type-simple"},"_links":{"self":[{"href":"https:\/\/singuli.wpress.me\/index.php\/wp-json\/wp\/v2\/product\/46871","targetHints":{"allow":["GET"]}}],"collection":[{"href":"https:\/\/singuli.wpress.me\/index.php\/wp-json\/wp\/v2\/product"}],"about":[{"href":"https:\/\/singuli.wpress.me\/index.php\/wp-json\/wp\/v2\/types\/product"}],"version-history":[{"count":0,"href":"https:\/\/singuli.wpress.me\/index.php\/wp-json\/wp\/v2\/product\/46871\/revisions"}],"wp:featuredmedia":[{"embeddable":true,"href":"https:\/\/singuli.wpress.me\/index.php\/wp-json\/wp\/v2\/media\/46872"}],"wp:attachment":[{"href":"https:\/\/singuli.wpress.me\/index.php\/wp-json\/wp\/v2\/media?parent=46871"}],"wp:term":[{"taxonomy":"product_brand","embeddable":true,"href":"https:\/\/singuli.wpress.me\/index.php\/wp-json\/wp\/v2\/product_brand?post=46871"},{"taxonomy":"product_cat","embeddable":true,"href":"https:\/\/singuli.wpress.me\/index.php\/wp-json\/wp\/v2\/product_cat?post=46871"},{"taxonomy":"product_tag","embeddable":true,"href":"https:\/\/singuli.wpress.me\/index.php\/wp-json\/wp\/v2\/product_tag?post=46871"}],"curies":[{"name":"wp","href":"https:\/\/api.w.org\/{rel}","templated":true}]}}