{"id":46890,"date":"2026-04-21T00:36:47","date_gmt":"2026-04-21T00:36:47","guid":{"rendered":"https:\/\/singuli.wpress.me\/index.php\/proizvod\/pantene-pro-v-infinitely-long-balzam-za-kosu-200-ml\/"},"modified":"2026-04-21T00:36:47","modified_gmt":"2026-04-21T00:36:47","slug":"pantene-pro-v-infinitely-long-balzam-za-kosu-200-ml","status":"publish","type":"product","link":"https:\/\/singuli.wpress.me\/index.php\/proizvod\/pantene-pro-v-infinitely-long-balzam-za-kosu-200-ml\/","title":{"rendered":"PANTENE Pro-V Infinitely Long, balzam za kosu, 200\u00a0ml"},"content":{"rendered":"<p>Balzam Pantene Pro-V Infinitely Long za o\u0161te\u0107enu kosu poma\u017ee oja\u010dati srednje dugu do dugu kosu i \u010dini je vidno zdravijom. Ovaj balzam za ja\u010danje kose, oboga\u0107en niacinamidom i vitaminom E, hrani i poma\u017ee obnoviti o\u0161te\u0107enu kosu od korijena do vrhova te spre\u010dava pucanje vrhova. U trenu uklanja znakove o\u0161te\u0107enja te dugoj kosi daje glatko\u0107u i vidno zdrav sjaj. Upotrebljavajte ga zajedno s drugim proizvodima za kosu Pantene Pro-V Infinitely Long da biste svojoj kosi pru\u017eili sveobuhvatnu njegu.<\/p>\n","protected":false},"excerpt":{"rendered":"<p>Hrani srednje dugu do dugu o\u0161te\u0107enu kosu i poma\u017ee je oja\u010dati<br \/>\nFormula Pro-V blend oboga\u0107ena niacinamidom i vitaminom E bez mineralnih ulja i bojila<br \/>\nTestirao Swiss Vitamin Institute<\/p>\n","protected":false},"featured_media":46891,"template":"","meta":{"_seopress_robots_primary_cat":"","_seopress_titles_title":"","_seopress_titles_desc":"","_seopress_robots_index":"","iawp_total_views":0},"product_brand":[411],"product_cat":[268,300],"product_tag":[],"class_list":{"0":"post-46890","1":"product","2":"type-product","3":"status-publish","4":"has-post-thumbnail","6":"product_brand-pantene","7":"product_cat-kozmetika-2","8":"product_cat-njega-kose-268","10":"first","11":"outofstock","12":"shipping-taxable","13":"purchasable","14":"product-type-simple"},"_links":{"self":[{"href":"https:\/\/singuli.wpress.me\/index.php\/wp-json\/wp\/v2\/product\/46890","targetHints":{"allow":["GET"]}}],"collection":[{"href":"https:\/\/singuli.wpress.me\/index.php\/wp-json\/wp\/v2\/product"}],"about":[{"href":"https:\/\/singuli.wpress.me\/index.php\/wp-json\/wp\/v2\/types\/product"}],"version-history":[{"count":0,"href":"https:\/\/singuli.wpress.me\/index.php\/wp-json\/wp\/v2\/product\/46890\/revisions"}],"wp:featuredmedia":[{"embeddable":true,"href":"https:\/\/singuli.wpress.me\/index.php\/wp-json\/wp\/v2\/media\/46891"}],"wp:attachment":[{"href":"https:\/\/singuli.wpress.me\/index.php\/wp-json\/wp\/v2\/media?parent=46890"}],"wp:term":[{"taxonomy":"product_brand","embeddable":true,"href":"https:\/\/singuli.wpress.me\/index.php\/wp-json\/wp\/v2\/product_brand?post=46890"},{"taxonomy":"product_cat","embeddable":true,"href":"https:\/\/singuli.wpress.me\/index.php\/wp-json\/wp\/v2\/product_cat?post=46890"},{"taxonomy":"product_tag","embeddable":true,"href":"https:\/\/singuli.wpress.me\/index.php\/wp-json\/wp\/v2\/product_tag?post=46890"}],"curies":[{"name":"wp","href":"https:\/\/api.w.org\/{rel}","templated":true}]}}