{"id":46893,"date":"2026-04-21T00:36:50","date_gmt":"2026-04-21T00:36:50","guid":{"rendered":"https:\/\/singuli.wpress.me\/index.php\/proizvod\/pantene-pro-v-strength-infinitely-long-serum-bez-ispiranja-200-ml\/"},"modified":"2026-04-21T00:36:50","modified_gmt":"2026-04-21T00:36:50","slug":"pantene-pro-v-strength-infinitely-long-serum-bez-ispiranja-200-ml","status":"publish","type":"product","link":"https:\/\/singuli.wpress.me\/index.php\/proizvod\/pantene-pro-v-strength-infinitely-long-serum-bez-ispiranja-200-ml\/","title":{"rendered":"PANTENE Pro-V Strength Infinitely Long, serum, bez ispiranja , 200\u00a0ml"},"content":{"rendered":"<p>Serum bez ispiranja Pantene Pro-V Infinitely Long Strength poma\u017ee oja\u010dati suhu, o\u0161te\u0107enu kosu i \u010dini je vidno zdravijom ve\u0107 od 1. upotrebe. Ovaj tretman za kosu bez ispiranja, oboga\u0107en niacinamidom i vitaminom E, hidratizira te poma\u017ee obnoviti o\u0161te\u0107enu kosu i ispucale vrhove. U trenu se upija u kosu, obnavljaju\u0107i je iznutra do posljednjeg centimetra. Upotrebljavajte ga zajedno s drugim proizvodima za kosu Pantene Pro-V Infinitely Long da biste svojoj kosi pru\u017eili sveobuhvatnu njegu.<\/p>\n","protected":false},"excerpt":{"rendered":"<p>Za ja\u010danje duge suhe i o\u0161te\u0107ene kose<br \/>\nFormula Pro-V blend oboga\u0107ena niacinamidom, vitaminom E, antioksidansima i lipidima<br \/>\nU trenu se upija u kosu i prodire u njenu jezgru, obnavljaju\u0107i je iznutra do posljednjeg centimetra<\/p>\n","protected":false},"featured_media":46894,"template":"","meta":{"_seopress_robots_primary_cat":"","_seopress_titles_title":"","_seopress_titles_desc":"","_seopress_robots_index":"","iawp_total_views":0},"product_brand":[411],"product_cat":[268,300],"product_tag":[],"class_list":{"0":"post-46893","1":"product","2":"type-product","3":"status-publish","4":"has-post-thumbnail","6":"product_brand-pantene","7":"product_cat-kozmetika-2","8":"product_cat-njega-kose-268","10":"first","11":"outofstock","12":"shipping-taxable","13":"purchasable","14":"product-type-simple"},"_links":{"self":[{"href":"https:\/\/singuli.wpress.me\/index.php\/wp-json\/wp\/v2\/product\/46893","targetHints":{"allow":["GET"]}}],"collection":[{"href":"https:\/\/singuli.wpress.me\/index.php\/wp-json\/wp\/v2\/product"}],"about":[{"href":"https:\/\/singuli.wpress.me\/index.php\/wp-json\/wp\/v2\/types\/product"}],"version-history":[{"count":0,"href":"https:\/\/singuli.wpress.me\/index.php\/wp-json\/wp\/v2\/product\/46893\/revisions"}],"wp:featuredmedia":[{"embeddable":true,"href":"https:\/\/singuli.wpress.me\/index.php\/wp-json\/wp\/v2\/media\/46894"}],"wp:attachment":[{"href":"https:\/\/singuli.wpress.me\/index.php\/wp-json\/wp\/v2\/media?parent=46893"}],"wp:term":[{"taxonomy":"product_brand","embeddable":true,"href":"https:\/\/singuli.wpress.me\/index.php\/wp-json\/wp\/v2\/product_brand?post=46893"},{"taxonomy":"product_cat","embeddable":true,"href":"https:\/\/singuli.wpress.me\/index.php\/wp-json\/wp\/v2\/product_cat?post=46893"},{"taxonomy":"product_tag","embeddable":true,"href":"https:\/\/singuli.wpress.me\/index.php\/wp-json\/wp\/v2\/product_tag?post=46893"}],"curies":[{"name":"wp","href":"https:\/\/api.w.org\/{rel}","templated":true}]}}