{"id":46896,"date":"2026-04-21T00:36:55","date_gmt":"2026-04-21T00:36:55","guid":{"rendered":"https:\/\/singuli.wpress.me\/index.php\/proizvod\/tellus-s2-vx-22-hidraulicko-ulje-20-l\/"},"modified":"2026-04-21T00:36:55","modified_gmt":"2026-04-21T00:36:55","slug":"tellus-s2-vx-22-hidraulicko-ulje-20-l","status":"publish","type":"product","link":"https:\/\/singuli.wpress.me\/index.php\/proizvod\/tellus-s2-vx-22-hidraulicko-ulje-20-l\/","title":{"rendered":"TELLUS S2 VX 22, hidrauli\u010dko ulje, 20\u00a0l"},"content":{"rendered":"<p>Visokokvalitetna hidruali\u010dka teku\u0107ina bazirano na baznim uljima grupe II koje pru\u017ea izvanrednu za\u0161titu i perfomanse u \u0161irokom rasponu temperature. Odolijeva temperaturnom i mehani\u010dkom stresu i kompatibilan je sa ve\u0107inom mobilne opreme i drugih aplikacija koje su izlo\u017eene promjenama temperature tijekom rada. <\/p>\n<p>Specifikacija: Eaton E-FDGN-TB002-E, ISO 11158 (HV fluid), DIN 51524 PArt 3 HVLP type, ASTM D6158 (HV fluid), MB-Odobrenje 347.0<\/p>\n","protected":false},"excerpt":{"rendered":"<p>Hidrauli\u010dna teku\u0107ina<br \/>\nIzvanredna za\u0161tita<br \/>\nMnogostruke aplikacije<\/p>\n","protected":false},"featured_media":46897,"template":"","meta":{"_seopress_robots_primary_cat":"","_seopress_titles_title":"","_seopress_titles_desc":"","_seopress_robots_index":"","iawp_total_views":0},"product_brand":[414],"product_cat":[243,276],"product_tag":[],"class_list":{"0":"post-46896","1":"product","2":"type-product","3":"status-publish","4":"has-post-thumbnail","6":"product_brand-tellus","7":"product_cat-automobili-i-motori","8":"product_cat-industrijska-i-specijalna-ulja-243","10":"first","11":"instock","12":"shipping-taxable","13":"purchasable","14":"product-type-simple"},"_links":{"self":[{"href":"https:\/\/singuli.wpress.me\/index.php\/wp-json\/wp\/v2\/product\/46896","targetHints":{"allow":["GET"]}}],"collection":[{"href":"https:\/\/singuli.wpress.me\/index.php\/wp-json\/wp\/v2\/product"}],"about":[{"href":"https:\/\/singuli.wpress.me\/index.php\/wp-json\/wp\/v2\/types\/product"}],"version-history":[{"count":0,"href":"https:\/\/singuli.wpress.me\/index.php\/wp-json\/wp\/v2\/product\/46896\/revisions"}],"wp:featuredmedia":[{"embeddable":true,"href":"https:\/\/singuli.wpress.me\/index.php\/wp-json\/wp\/v2\/media\/46897"}],"wp:attachment":[{"href":"https:\/\/singuli.wpress.me\/index.php\/wp-json\/wp\/v2\/media?parent=46896"}],"wp:term":[{"taxonomy":"product_brand","embeddable":true,"href":"https:\/\/singuli.wpress.me\/index.php\/wp-json\/wp\/v2\/product_brand?post=46896"},{"taxonomy":"product_cat","embeddable":true,"href":"https:\/\/singuli.wpress.me\/index.php\/wp-json\/wp\/v2\/product_cat?post=46896"},{"taxonomy":"product_tag","embeddable":true,"href":"https:\/\/singuli.wpress.me\/index.php\/wp-json\/wp\/v2\/product_tag?post=46896"}],"curies":[{"name":"wp","href":"https:\/\/api.w.org\/{rel}","templated":true}]}}