{"id":46898,"date":"2026-04-21T00:36:56","date_gmt":"2026-04-21T00:36:56","guid":{"rendered":"https:\/\/singuli.wpress.me\/index.php\/proizvod\/pringles-original-cips-165-g-3\/"},"modified":"2026-04-21T00:36:56","modified_gmt":"2026-04-21T00:36:56","slug":"pringles-original-cips-165-g-3","status":"publish","type":"product","link":"https:\/\/singuli.wpress.me\/index.php\/proizvod\/pringles-original-cips-165-g-3\/","title":{"rendered":"PRINGLES Original, \u010dips, 165\u00a0g"},"content":{"rendered":"<p>Pringles je prvi \u010dips u legendarnom obliku hiperboli\u010dnog paraboloida, koji se savr\u0161eno uklapa u jedinstvenu limenku u obliku cijevi. Toliko pri\u010da &#8211; od avangarde, preko ludih okusa do beskrajne zabave &#8211; nije ni \u010dudo da je Pringles vi\u0161e nego samo \u010dips!<\/p>\n<p>Pringles Original verzija je Pringlesa koju potro\u0161a\u010di naj\u010de\u0161\u0107e kupuju, a prepoznatljivo crveno pakiranje ikona je brenda.<\/p>\n<p>Zna\u010dajke:<br \/>\n&#8211; Pakirano u kontroliranoj atmosferi.<br \/>\n&#8211; Upotrijebiti najmanje do: datuma ozna\u010denog na dnu pakiranja.<br \/>\n&#8211; \u010cuvati na hladnom i suhom mjestu.<\/p>\n","protected":false},"excerpt":{"rendered":"<p>Pringles je doprinos \u010dipsu<br \/>\nHrskavi slani zalogaj, pogodan i za vegane<br \/>\nOriginalni i najpopularniji Pringles okus<\/p>\n","protected":false},"featured_media":46899,"template":"","meta":{"_seopress_robots_primary_cat":"","_seopress_titles_title":"","_seopress_titles_desc":"","_seopress_robots_index":"","iawp_total_views":0},"product_brand":[462],"product_cat":[261,277],"product_tag":[],"class_list":{"0":"post-46898","1":"product","2":"type-product","3":"status-publish","4":"has-post-thumbnail","6":"product_brand-pringles","7":"product_cat-hrana-i-pice","8":"product_cat-slatkisi-i-grickalice-261","10":"first","11":"instock","12":"shipping-taxable","13":"purchasable","14":"product-type-simple"},"_links":{"self":[{"href":"https:\/\/singuli.wpress.me\/index.php\/wp-json\/wp\/v2\/product\/46898","targetHints":{"allow":["GET"]}}],"collection":[{"href":"https:\/\/singuli.wpress.me\/index.php\/wp-json\/wp\/v2\/product"}],"about":[{"href":"https:\/\/singuli.wpress.me\/index.php\/wp-json\/wp\/v2\/types\/product"}],"version-history":[{"count":0,"href":"https:\/\/singuli.wpress.me\/index.php\/wp-json\/wp\/v2\/product\/46898\/revisions"}],"wp:featuredmedia":[{"embeddable":true,"href":"https:\/\/singuli.wpress.me\/index.php\/wp-json\/wp\/v2\/media\/46899"}],"wp:attachment":[{"href":"https:\/\/singuli.wpress.me\/index.php\/wp-json\/wp\/v2\/media?parent=46898"}],"wp:term":[{"taxonomy":"product_brand","embeddable":true,"href":"https:\/\/singuli.wpress.me\/index.php\/wp-json\/wp\/v2\/product_brand?post=46898"},{"taxonomy":"product_cat","embeddable":true,"href":"https:\/\/singuli.wpress.me\/index.php\/wp-json\/wp\/v2\/product_cat?post=46898"},{"taxonomy":"product_tag","embeddable":true,"href":"https:\/\/singuli.wpress.me\/index.php\/wp-json\/wp\/v2\/product_tag?post=46898"}],"curies":[{"name":"wp","href":"https:\/\/api.w.org\/{rel}","templated":true}]}}