{"id":46917,"date":"2026-04-21T00:37:00","date_gmt":"2026-04-21T00:37:00","guid":{"rendered":"https:\/\/singuli.wpress.me\/index.php\/proizvod\/pringles-emental-cips-165-g\/"},"modified":"2026-04-21T00:37:00","modified_gmt":"2026-04-21T00:37:00","slug":"pringles-emental-cips-165-g","status":"publish","type":"product","link":"https:\/\/singuli.wpress.me\/index.php\/proizvod\/pringles-emental-cips-165-g\/","title":{"rendered":"PRINGLES Emental, \u010dips, 165\u00a0g"},"content":{"rendered":"<p>\n    <strong>Pringles Emmental Cheese \u2013 Novi okus Mac &amp; Cheese<\/strong>\n<\/p>\n<p>\n    Predstavljamo Pringles s novim, bogatim okusom <strong>Emmental sira<\/strong>! Ovaj \u010dips donosi kompleksan, kremasti okus sira koji podsje\u0107a na klasi\u010dni <strong>Mac &amp; Cheese<\/strong> (Mac and Cheese) obrok, s dozom profinjenosti.\n<\/p>\n<p>\n    Iskusite <strong>kremasti, srednje intenzivan okus sira<\/strong> s <strong>bogatim, masla\u010dnim utjecajem<\/strong> od prvog zalogaja. Okus zavr\u0161ava ugodnim, <strong>ora\u0161astim priokusom<\/strong> i naznakom <strong>crnog papra<\/strong>.\n<\/p>\n<p>\n    Ako volite <strong>Emmental<\/strong>, najpopularniji \u0161vicarski sir (i jedan od najpopularnijih u svijetu), ovaj \u010dips je savr\u0161en izbor za vas.<\/p>\n","protected":false},"excerpt":{"rendered":"<p>Kremast, bogat i masla\u010dan s ora\u0161astim priokusom i zavr\u0161nicom crnog papra<br \/>\n5,5% za\u010dina, 0,7% soli<\/p>\n","protected":false},"featured_media":46918,"template":"","meta":{"_seopress_robots_primary_cat":"","_seopress_titles_title":"","_seopress_titles_desc":"","_seopress_robots_index":"","iawp_total_views":0},"product_brand":[462],"product_cat":[261,277],"product_tag":[],"class_list":{"0":"post-46917","1":"product","2":"type-product","3":"status-publish","4":"has-post-thumbnail","6":"product_brand-pringles","7":"product_cat-hrana-i-pice","8":"product_cat-slatkisi-i-grickalice-261","10":"first","11":"outofstock","12":"shipping-taxable","13":"purchasable","14":"product-type-simple"},"_links":{"self":[{"href":"https:\/\/singuli.wpress.me\/index.php\/wp-json\/wp\/v2\/product\/46917","targetHints":{"allow":["GET"]}}],"collection":[{"href":"https:\/\/singuli.wpress.me\/index.php\/wp-json\/wp\/v2\/product"}],"about":[{"href":"https:\/\/singuli.wpress.me\/index.php\/wp-json\/wp\/v2\/types\/product"}],"version-history":[{"count":0,"href":"https:\/\/singuli.wpress.me\/index.php\/wp-json\/wp\/v2\/product\/46917\/revisions"}],"wp:featuredmedia":[{"embeddable":true,"href":"https:\/\/singuli.wpress.me\/index.php\/wp-json\/wp\/v2\/media\/46918"}],"wp:attachment":[{"href":"https:\/\/singuli.wpress.me\/index.php\/wp-json\/wp\/v2\/media?parent=46917"}],"wp:term":[{"taxonomy":"product_brand","embeddable":true,"href":"https:\/\/singuli.wpress.me\/index.php\/wp-json\/wp\/v2\/product_brand?post=46917"},{"taxonomy":"product_cat","embeddable":true,"href":"https:\/\/singuli.wpress.me\/index.php\/wp-json\/wp\/v2\/product_cat?post=46917"},{"taxonomy":"product_tag","embeddable":true,"href":"https:\/\/singuli.wpress.me\/index.php\/wp-json\/wp\/v2\/product_tag?post=46917"}],"curies":[{"name":"wp","href":"https:\/\/api.w.org\/{rel}","templated":true}]}}