{"id":46936,"date":"2026-04-21T00:37:07","date_gmt":"2026-04-21T00:37:07","guid":{"rendered":"https:\/\/singuli.wpress.me\/index.php\/proizvod\/aqua-optima-oria-vrc-filter-bijeli\/"},"modified":"2026-04-21T00:37:08","modified_gmt":"2026-04-21T00:37:08","slug":"aqua-optima-oria-vrc-filter-bijeli","status":"publish","type":"product","link":"https:\/\/singuli.wpress.me\/index.php\/proizvod\/aqua-optima-oria-vrc-filter-bijeli\/","title":{"rendered":"AQUA OPTIMA Oria, vr\u010d + filter, bijeli"},"content":{"rendered":"<p><span style=\"font-weight: bold\">Aqua optima Oria<\/span> bijeli vr\u010d nudi izvanrednu funkcionalnost sa svojim iznimno velikim kapacitetom od 2,8 litara i vrlo velikim kapacitetom filtriranja od 1,4 litre. S elegantnim tankim dizajnom koji omogu\u0107uje pohranjivanje unutar ve\u0107ine vrata hladnjaka i poklopcem koji se lako puni, Oria nije samo jednostavna za kori\u0161tenje, ve\u0107 se mo\u017ee prati u perilici posu\u0111a na gornjoj polici, \u0161to olak\u0161ava \u010di\u0161\u0107enje. Kompatibilan s Aqua Optima tehnologijom filtracije s brzim protokom u 5 koraka koja smanjuje mikroplastiku, te\u0161ke metale i jo\u0161 mnogo toga, pru\u017ea izvrstanan okus pi\u0107a punog okusa te poma\u017ee u zamjeni do 4000 jednokratnih plasti\u010dnih boca godi\u0161nje.<br \/>\nVr\u010devi za filtriranje vode Aqua Optima pru\u017eaju brz i prakti\u010dan na\u010din za vas i va\u0161u obitelj da u\u017eivate u \u010di\u0161\u0107oj filtriranoj vodi odli\u010dnog okusa.<\/p>\n<p>Smanjuje mikroplastiku, te\u0161ke metale i ostalo<br \/>\n\u2022\tSprje\u010dava stvaranje kamenca<br \/>\n\u2022\tZamjenjuje do 4000 jednokratnih plasti\u010dnih boca godi\u0161nje<br \/>\n\u2022\tBolji i puniji okus napitaka<br \/>\n\u2022\tPoklopac za jednostavno punjenje<br \/>\n\u2022\tOdgovara ve\u0107ini vrata hladnjaka<br \/>\n\u2022\tGornji dio mo\u017ee se prati u perilici posu\u0111a<\/p>\n","protected":false},"excerpt":{"rendered":"<p>Sprje\u010dava stvaranje kamenca<br \/>\nZamjenjuje do 4000 jednokratnih plasti\u010dnih boca godi\u0161nje<br \/>\nBolji i puniji okus napitaka<\/p>\n","protected":false},"featured_media":46937,"template":"","meta":{"_seopress_robots_primary_cat":"","_seopress_titles_title":"","_seopress_titles_desc":"","_seopress_robots_index":"","iawp_total_views":0},"product_brand":[920],"product_cat":[274,238],"product_tag":[],"class_list":{"0":"post-46936","1":"product","2":"type-product","3":"status-publish","4":"has-post-thumbnail","6":"product_brand-aqua-optima","7":"product_cat-kucanski-pribor-238","8":"product_cat-sve-za-dom","10":"first","11":"outofstock","12":"shipping-taxable","13":"purchasable","14":"product-type-simple"},"_links":{"self":[{"href":"https:\/\/singuli.wpress.me\/index.php\/wp-json\/wp\/v2\/product\/46936","targetHints":{"allow":["GET"]}}],"collection":[{"href":"https:\/\/singuli.wpress.me\/index.php\/wp-json\/wp\/v2\/product"}],"about":[{"href":"https:\/\/singuli.wpress.me\/index.php\/wp-json\/wp\/v2\/types\/product"}],"version-history":[{"count":0,"href":"https:\/\/singuli.wpress.me\/index.php\/wp-json\/wp\/v2\/product\/46936\/revisions"}],"wp:featuredmedia":[{"embeddable":true,"href":"https:\/\/singuli.wpress.me\/index.php\/wp-json\/wp\/v2\/media\/46937"}],"wp:attachment":[{"href":"https:\/\/singuli.wpress.me\/index.php\/wp-json\/wp\/v2\/media?parent=46936"}],"wp:term":[{"taxonomy":"product_brand","embeddable":true,"href":"https:\/\/singuli.wpress.me\/index.php\/wp-json\/wp\/v2\/product_brand?post=46936"},{"taxonomy":"product_cat","embeddable":true,"href":"https:\/\/singuli.wpress.me\/index.php\/wp-json\/wp\/v2\/product_cat?post=46936"},{"taxonomy":"product_tag","embeddable":true,"href":"https:\/\/singuli.wpress.me\/index.php\/wp-json\/wp\/v2\/product_tag?post=46936"}],"curies":[{"name":"wp","href":"https:\/\/api.w.org\/{rel}","templated":true}]}}