{"id":46952,"date":"2026-04-21T00:37:13","date_gmt":"2026-04-21T00:37:13","guid":{"rendered":"https:\/\/singuli.wpress.me\/index.php\/proizvod\/oral-b-io-9-elektricna-cetkica-za-zube-bijela\/"},"modified":"2026-04-21T00:37:13","modified_gmt":"2026-04-21T00:37:13","slug":"oral-b-io-9-elektricna-cetkica-za-zube-bijela","status":"publish","type":"product","link":"https:\/\/singuli.wpress.me\/index.php\/proizvod\/oral-b-io-9-elektricna-cetkica-za-zube-bijela\/","title":{"rendered":"ORAL-B iO 9, elektri\u010dna \u010detkica za zube, bijela"},"content":{"rendered":"<p><span style=\"font-weight: bold\">Oral-B oti\u0161ao je korak dalje<\/span> kako bi vam pru\u017eio do\u017eivljaj pranja zubi koji postavlja nove standarde. Po\u010dev\u0161i od najnaprednije tehnologije za najtemeljitije, najnje\u017enije i najti\u0161e pranje zubi do dizajna koji ovu \u010detkicu \u010dini neodoljivom. Jer najpo\u017eeljnija tehnologija jednostavno mora i izgledati najelegantnije. Naravno, kad prije\u0111ete s klasi\u010dne na elektri\u010dnu zubnu \u010detkicu pobolj\u0161at \u0107e se \u010disto\u0107a va\u0161e usne \u0161upljine. Ali kad prije\u0111ete s elektri\u010dne zubne \u010detkice na iO, vidjet \u0107ete, \u010duti i osjetiti ne\u0161to potpuno druk\u010dije od svega dotad.\t<br \/>\nNajbolje pranje zubi koje nudi Oral-B, zahvaljuju\u0107i revolucionarnoj magnetnoj tehnologiji iO za osje\u0107aj profesionalne \u010disto\u0107e i nje\u017eno u\u010dinkovito \u010detkanje\t<br \/>\nKombinira jedinstvenu okruglu glavu zubne \u010detkice Oral-B s nje\u017enim mikrovibracijama za svje\u017e, \u010dist osje\u0107aj u ustima i 100% zdravije desni u jednom tjednu u usporedbi s obi\u010dnom klasi\u010dnom zubnom \u010detkicom\t<br \/>\n\u2022 3D pra\u0107enje zubi u kombinaciji s umjetnom inteligencijom prati kako perete prednje, stra\u017enje i \u017eva\u010dne plohe; usmjeravaju\u0107i vas tako da \u0161to bolje operete zube\t<br \/>\n\u2022 Interaktivni zaslon u boji signalizira va\u017ene informacije: uklju\u010duju\u0107i na\u010dine rada i podsjetnik na zamjenu glave, pozdravlja vas pri uklju\u010divanju i osmijehom nagra\u0111uje dobro obavljen posao<br \/>\n\u2022 7 na\u010dina rada za pranje zubi prilago\u0111eno va\u0161im potrebama: Svakodnevno \u010di\u0161\u0107enje, Nje\u017eno, Njega desni, Intenzivno \u010di\u0161\u0107enje, Izbjeljivanje, Iznimno nje\u017eno, \u010di\u0161\u0107enje jezika<br \/>\n\u2022 Pametni senzor pritiska crvenom, bijelom i zelenom bojom javlja \u010detkate li presna\u017eno, preblago ili s adekvatnom koli\u010dinom pritiska\t<br \/>\n\u2022 Magnetni punja\u010d dr\u017ei \u010detkicu na mjestu i omogu\u0107uje ~ 3-satno brzo punjenje, a s \u010detkicom dobivate i putni etui-punja\u010d kako biste je mogli na prakti\u010dan na\u010din puniti i tijekom putovanja\t<\/p>\n","protected":false},"excerpt":{"rendered":"<p>3D pra\u0107enje zubi u kombinaciji s umjetnom inteligencijom<br \/>\n3D pra\u0107enje zubi u kombinaciji s umjetnom inteligencijom<br \/>\n7 na\u010dina rada za pranje zubi<\/p>\n","protected":false},"featured_media":46953,"template":"","meta":{"_seopress_robots_primary_cat":"","_seopress_titles_title":"","_seopress_titles_desc":"","_seopress_robots_index":"","iawp_total_views":0},"product_brand":[423],"product_cat":[293,192,292],"product_tag":[],"class_list":{"0":"post-46952","1":"product","2":"type-product","3":"status-publish","4":"has-post-thumbnail","6":"product_brand-oral-b-2","7":"product_cat-aparati-za-djecu-i-odrasle-292","8":"product_cat-aparati-za-osobnu-njegu","9":"product_cat-oralna-higijena-uredaji-192","11":"first","12":"instock","13":"shipping-taxable","14":"purchasable","15":"product-type-simple"},"_links":{"self":[{"href":"https:\/\/singuli.wpress.me\/index.php\/wp-json\/wp\/v2\/product\/46952","targetHints":{"allow":["GET"]}}],"collection":[{"href":"https:\/\/singuli.wpress.me\/index.php\/wp-json\/wp\/v2\/product"}],"about":[{"href":"https:\/\/singuli.wpress.me\/index.php\/wp-json\/wp\/v2\/types\/product"}],"version-history":[{"count":0,"href":"https:\/\/singuli.wpress.me\/index.php\/wp-json\/wp\/v2\/product\/46952\/revisions"}],"wp:featuredmedia":[{"embeddable":true,"href":"https:\/\/singuli.wpress.me\/index.php\/wp-json\/wp\/v2\/media\/46953"}],"wp:attachment":[{"href":"https:\/\/singuli.wpress.me\/index.php\/wp-json\/wp\/v2\/media?parent=46952"}],"wp:term":[{"taxonomy":"product_brand","embeddable":true,"href":"https:\/\/singuli.wpress.me\/index.php\/wp-json\/wp\/v2\/product_brand?post=46952"},{"taxonomy":"product_cat","embeddable":true,"href":"https:\/\/singuli.wpress.me\/index.php\/wp-json\/wp\/v2\/product_cat?post=46952"},{"taxonomy":"product_tag","embeddable":true,"href":"https:\/\/singuli.wpress.me\/index.php\/wp-json\/wp\/v2\/product_tag?post=46952"}],"curies":[{"name":"wp","href":"https:\/\/api.w.org\/{rel}","templated":true}]}}