{"id":46957,"date":"2026-04-21T00:37:14","date_gmt":"2026-04-21T00:37:14","guid":{"rendered":"https:\/\/singuli.wpress.me\/index.php\/proizvod\/oral-b-io-8-duo-elektricna-cetkica-za-zube-crna-i-bijela\/"},"modified":"2026-04-21T00:37:14","modified_gmt":"2026-04-21T00:37:14","slug":"oral-b-io-8-duo-elektricna-cetkica-za-zube-crna-i-bijela","status":"publish","type":"product","link":"https:\/\/singuli.wpress.me\/index.php\/proizvod\/oral-b-io-8-duo-elektricna-cetkica-za-zube-crna-i-bijela\/","title":{"rendered":"ORAL-B iO 8 Duo, elektri\u010dna \u010detkica za zube, crna i bijela"},"content":{"rendered":"<p><span style=\"font-weight: bold\">Oral-B je oti\u0161ao korak dalje<\/span> kako bi vam pru\u017eio do\u017eivljaj pranja zubi koji postavlja nove standarde. Po\u010dev\u0161i od najnaprednije tehnologije za najtemeljitije, najnje\u017enije i najti\u0161e pranje zubi do dizajna koji ovu \u010detkicu \u010dini neodoljivom. Jer najpo\u017eeljnija tehnologija jednostavno mora i izgledati najelegantnije.<br \/>\nNjezin inovativni magnetni pogon usmjerava energiju u same vrhove vlakana, pa \u010detkica lijepo klizi od zuba do zuba uz nje\u017ene mikrovibracije, a to sve rezultira u\u010dinkovitim i ugodnim pranjem zubi. Pametni senzor pritiska nove generacije signalizira kada perete zube adekvatnim pritiskom i tako \u0161titi zubno meso. Interaktivni OLED zaslon omogu\u0107uje personalizirano vo\u0111enje kroz pranje zubi, kao i prilagodbu postavki individualnim potrebama.<\/p>\n<p>\u2022 PAMETNI SENZOR PRITISKA crvenom, bijelom i zelenom bojom javlja \u010detkate li presna\u017eno, preblago ili s adekvatnom koli\u010dinom pritiska<br \/>\n\u2022 INTERAKTIVNI OLED ZASLON U BOJI signalizira va\u017ene informacije: uklju\u010duju\u0107i na\u010dine rada i podsjetnik na zamjenu glave, pozdravlja vas pri uklju\u010divanju i osmijehom nagra\u0111uje dobro obavljen posao<br \/>\n\u2022 MAGNETNI BRZI PUNJA\u010c omogu\u0107uje BRZO PUNJENJE ZA PRIBLI\u017dNO 3 SATA<br \/>\n\u2022 6 PAMETNIH NA\u010cINA RADA za pranje zubi prilago\u0111eno va\u0161im potrebama: Daily Clean (svakodnevno \u010di\u0161\u0107enje), Sensitive (nje\u017eno), Gum Care (njega desni), Intense Clean (intenzivno \u010di\u0161\u0107enje), Whitening (izbjeljivanje) i Super Sensitive (iznimno nje\u017eno)<br \/>\n\u2022 UMJETNA INTELIGENCIJA prepoznaje va\u0161 na\u010din \u010detkanja i vodi vas do najtemeljitijeg mogu\u0107eg pranja zubi<\/p>\n","protected":false},"excerpt":{"rendered":"<p>Pametni senzor pritiska<br \/>\nInteraktivni oled zaslon u boji<br \/>\nMagnetni brzi punja\u010d<\/p>\n","protected":false},"featured_media":46958,"template":"","meta":{"_seopress_robots_primary_cat":"","_seopress_titles_title":"","_seopress_titles_desc":"","_seopress_robots_index":"","iawp_total_views":0},"product_brand":[423],"product_cat":[293,192,292],"product_tag":[],"class_list":{"0":"post-46957","1":"product","2":"type-product","3":"status-publish","4":"has-post-thumbnail","6":"product_brand-oral-b-2","7":"product_cat-aparati-za-djecu-i-odrasle-292","8":"product_cat-aparati-za-osobnu-njegu","9":"product_cat-oralna-higijena-uredaji-192","11":"first","12":"outofstock","13":"shipping-taxable","14":"purchasable","15":"product-type-simple"},"_links":{"self":[{"href":"https:\/\/singuli.wpress.me\/index.php\/wp-json\/wp\/v2\/product\/46957","targetHints":{"allow":["GET"]}}],"collection":[{"href":"https:\/\/singuli.wpress.me\/index.php\/wp-json\/wp\/v2\/product"}],"about":[{"href":"https:\/\/singuli.wpress.me\/index.php\/wp-json\/wp\/v2\/types\/product"}],"version-history":[{"count":0,"href":"https:\/\/singuli.wpress.me\/index.php\/wp-json\/wp\/v2\/product\/46957\/revisions"}],"wp:featuredmedia":[{"embeddable":true,"href":"https:\/\/singuli.wpress.me\/index.php\/wp-json\/wp\/v2\/media\/46958"}],"wp:attachment":[{"href":"https:\/\/singuli.wpress.me\/index.php\/wp-json\/wp\/v2\/media?parent=46957"}],"wp:term":[{"taxonomy":"product_brand","embeddable":true,"href":"https:\/\/singuli.wpress.me\/index.php\/wp-json\/wp\/v2\/product_brand?post=46957"},{"taxonomy":"product_cat","embeddable":true,"href":"https:\/\/singuli.wpress.me\/index.php\/wp-json\/wp\/v2\/product_cat?post=46957"},{"taxonomy":"product_tag","embeddable":true,"href":"https:\/\/singuli.wpress.me\/index.php\/wp-json\/wp\/v2\/product_tag?post=46957"}],"curies":[{"name":"wp","href":"https:\/\/api.w.org\/{rel}","templated":true}]}}