{"id":46979,"date":"2026-04-21T00:37:43","date_gmt":"2026-04-21T00:37:43","guid":{"rendered":"https:\/\/singuli.wpress.me\/index.php\/proizvod\/oral-b-pro-series-1-elektricna-cetkica-za-zube-black-cross-action\/"},"modified":"2026-04-21T00:37:43","modified_gmt":"2026-04-21T00:37:43","slug":"oral-b-pro-series-1-elektricna-cetkica-za-zube-black-cross-action","status":"publish","type":"product","link":"https:\/\/singuli.wpress.me\/index.php\/proizvod\/oral-b-pro-series-1-elektricna-cetkica-za-zube-black-cross-action\/","title":{"rendered":"ORAL-B Pro Series 1, elektri\u010dna \u010detkica za zube, Black Cross Action"},"content":{"rendered":"<p>Isprobajte Oral-B Pro Series 1, od marke zubnih \u010detkica koja je 1. izbor stomatologa diljem svijeta. <span style=\"font-weight: bold\">Elektri\u010dna zubna \u010detkica Series 1<\/span> poma\u017ee vam da zube perete 2 minute, koliko preporu\u010duju i stomatolozi, i to uz pomo\u0107 profesionalnog mjera\u010da vremena koji vam svakih 30 sekundi javlja da je vrijeme za prijelaz na sljede\u0107i kvadrant. Dok vi samo pomi\u010dete \u010detkicu po ustima, jedinstvena okrugla glava \u010detkice Oral-B radi sve ostalo. Uklanja do 100% vi\u0161e zubnih naslaga za zdravije desni, u usporedbi sa standardnom klasi\u010dnom zubnom \u010detkicom, te istodobno uklanjanjem povr\u0161inskih mrlja \u010dini va\u0161 osmijeh bjeljim ve\u0107 od prvog dana. Profesionalni mjera\u010d vremena ugra\u0111en u Oral-B Pro Series 1 \u010dini ovu zubnu \u010detkicu izvrsnim rje\u0161enjem za svakoga tko \u017eeli po\u010deti upotrebljavati elektri\u010dnu zubnu \u010detkicu.\t<\/p>\n<p>Osje\u0107aj profesionalnog \u010di\u0161\u0107enja svakoga dana i nje\u017eno \u010detkanje, uz kontrolu pritiska na desni.<\/p>\n<p>\u2022 Jedinstvena tehnologija 3D \u010di\u0161\u0107enja marke Oral-B kombinacijom osciliraju\u0107ih, rotacijskih i pulsiraju\u0107ih pokreta pru\u017ea do 100% bolje uklanjanje zubnih naslaga u te\u0161ko dostupnim podru\u010djima u usporedbi s klasi\u010dnom zubnom \u010detkicom\t<br \/>\n\u2022 Kontrola pritiska na desni: ako presna\u017eno \u010detkate zube, zubna \u010detkica zaustavlja pulsiranje kako bi za\u0161titila desni\t<br \/>\n\u2022 Okrugla glava zubne \u010detkice nadahnuta stomatolo\u0161kom opremom obavija svaki zub za dubinsko \u010di\u0161\u0107enje, a istodobno je nje\u017ena prema desnima\t<br \/>\n\u2022 Punjiva zubna \u010detkica s prakti\u010dnom dugotrajnom baterijom i indikatorom stanja baterije<br \/>\n\u2022 Vlakna glave zubne \u010detkice Oral-B blijede iz zelene u \u017eutu boju, ovisno o individualnom stilu pranja zubi i tako pokazuju kada je vrijeme za zamjenu glave kako bi se odr\u017eala 100% u\u010dinkovitost \u010di\u0161\u0107enja<\/p>\n<p>Sadr\u017eaj: <br \/>\n2 dr\u0161ke s 2-minutnim mjera\u010dem vremena<br \/>\n1 punja\u010d<br \/>\n2 glave zubne \u010detkice<\/p>\n","protected":false},"excerpt":{"rendered":"<p>Jedinstvena tehnologija 3D \u010di\u0161\u0107enja<br \/>\nKontrola pritiska na desni<br \/>\nPunjiva zubna \u010detkica s prakti\u010dnom dugotrajnom baterijom i indikatorom stanja baterije<\/p>\n","protected":false},"featured_media":46980,"template":"","meta":{"_seopress_robots_primary_cat":"","_seopress_titles_title":"","_seopress_titles_desc":"","_seopress_robots_index":"","iawp_total_views":0},"product_brand":[423],"product_cat":[293,192,292],"product_tag":[],"class_list":{"0":"post-46979","1":"product","2":"type-product","3":"status-publish","4":"has-post-thumbnail","6":"product_brand-oral-b-2","7":"product_cat-aparati-za-djecu-i-odrasle-292","8":"product_cat-aparati-za-osobnu-njegu","9":"product_cat-oralna-higijena-uredaji-192","11":"first","12":"instock","13":"shipping-taxable","14":"purchasable","15":"product-type-simple"},"_links":{"self":[{"href":"https:\/\/singuli.wpress.me\/index.php\/wp-json\/wp\/v2\/product\/46979","targetHints":{"allow":["GET"]}}],"collection":[{"href":"https:\/\/singuli.wpress.me\/index.php\/wp-json\/wp\/v2\/product"}],"about":[{"href":"https:\/\/singuli.wpress.me\/index.php\/wp-json\/wp\/v2\/types\/product"}],"version-history":[{"count":0,"href":"https:\/\/singuli.wpress.me\/index.php\/wp-json\/wp\/v2\/product\/46979\/revisions"}],"wp:featuredmedia":[{"embeddable":true,"href":"https:\/\/singuli.wpress.me\/index.php\/wp-json\/wp\/v2\/media\/46980"}],"wp:attachment":[{"href":"https:\/\/singuli.wpress.me\/index.php\/wp-json\/wp\/v2\/media?parent=46979"}],"wp:term":[{"taxonomy":"product_brand","embeddable":true,"href":"https:\/\/singuli.wpress.me\/index.php\/wp-json\/wp\/v2\/product_brand?post=46979"},{"taxonomy":"product_cat","embeddable":true,"href":"https:\/\/singuli.wpress.me\/index.php\/wp-json\/wp\/v2\/product_cat?post=46979"},{"taxonomy":"product_tag","embeddable":true,"href":"https:\/\/singuli.wpress.me\/index.php\/wp-json\/wp\/v2\/product_tag?post=46979"}],"curies":[{"name":"wp","href":"https:\/\/api.w.org\/{rel}","templated":true}]}}