{"id":46984,"date":"2026-04-21T00:37:45","date_gmt":"2026-04-21T00:37:45","guid":{"rendered":"https:\/\/singuli.wpress.me\/index.php\/proizvod\/oral-b-vitality-pro-elektricna-cetkica-za-zube-vapor-blue\/"},"modified":"2026-04-21T00:37:45","modified_gmt":"2026-04-21T00:37:45","slug":"oral-b-vitality-pro-elektricna-cetkica-za-zube-vapor-blue","status":"publish","type":"product","link":"https:\/\/singuli.wpress.me\/index.php\/proizvod\/oral-b-vitality-pro-elektricna-cetkica-za-zube-vapor-blue\/","title":{"rendered":"ORAL-B Vitality Pro, elektri\u010dna \u010detkica za zube, Vapor Blue"},"content":{"rendered":"<p>Punjiva elektri\u010dna zubna \u010detkica Oral-B Vitality Pro pru\u017ea klini\u010dki dokazano nadmo\u0107nu \u010disto\u0107u u usporedbi s obi\u010dnom klasi\u010dnom zubnom \u010detkicom. \u010cetkica ima 3 na\u010dina rada: Daily Clean (svakodnevno \u010di\u0161\u0107enje), Sensitive (nje\u017eno) i Sensitive Plus (iznimno nje\u017eno) za nevjerojatno nje\u017eno iskustvo. Mjera\u010d vremena ugra\u0111en u dr\u0161ku poma\u017ee da pranje zubi traje 2 minute, u skladu s preporukama stomatologa. I \u0161to je najbolje \u2013 sve to omogu\u0107uje Oral-B, marka zubnih \u010detkica br. 1 koju upotrebljava najvi\u0161e stomatologa diljem svijeta.<\/p>\n","protected":false},"excerpt":{"rendered":"<p>Osnovna zubna \u010detkica za bolje i nje\u017enije \u010di\u0161\u0107enje<br \/>\nDo 100% bolje uklanjanje zubnih naslaga<br \/>\nPunjiva zubna \u010detkica s prakti\u010dnom dugotrajnom baterijom<\/p>\n","protected":false},"featured_media":46985,"template":"","meta":{"_seopress_robots_primary_cat":"","_seopress_titles_title":"","_seopress_titles_desc":"","_seopress_robots_index":"","iawp_total_views":0},"product_brand":[423],"product_cat":[293,192,292],"product_tag":[],"class_list":{"0":"post-46984","1":"product","2":"type-product","3":"status-publish","4":"has-post-thumbnail","6":"product_brand-oral-b-2","7":"product_cat-aparati-za-djecu-i-odrasle-292","8":"product_cat-aparati-za-osobnu-njegu","9":"product_cat-oralna-higijena-uredaji-192","11":"first","12":"instock","13":"shipping-taxable","14":"purchasable","15":"product-type-simple"},"_links":{"self":[{"href":"https:\/\/singuli.wpress.me\/index.php\/wp-json\/wp\/v2\/product\/46984","targetHints":{"allow":["GET"]}}],"collection":[{"href":"https:\/\/singuli.wpress.me\/index.php\/wp-json\/wp\/v2\/product"}],"about":[{"href":"https:\/\/singuli.wpress.me\/index.php\/wp-json\/wp\/v2\/types\/product"}],"version-history":[{"count":0,"href":"https:\/\/singuli.wpress.me\/index.php\/wp-json\/wp\/v2\/product\/46984\/revisions"}],"wp:featuredmedia":[{"embeddable":true,"href":"https:\/\/singuli.wpress.me\/index.php\/wp-json\/wp\/v2\/media\/46985"}],"wp:attachment":[{"href":"https:\/\/singuli.wpress.me\/index.php\/wp-json\/wp\/v2\/media?parent=46984"}],"wp:term":[{"taxonomy":"product_brand","embeddable":true,"href":"https:\/\/singuli.wpress.me\/index.php\/wp-json\/wp\/v2\/product_brand?post=46984"},{"taxonomy":"product_cat","embeddable":true,"href":"https:\/\/singuli.wpress.me\/index.php\/wp-json\/wp\/v2\/product_cat?post=46984"},{"taxonomy":"product_tag","embeddable":true,"href":"https:\/\/singuli.wpress.me\/index.php\/wp-json\/wp\/v2\/product_tag?post=46984"}],"curies":[{"name":"wp","href":"https:\/\/api.w.org\/{rel}","templated":true}]}}