{"id":46986,"date":"2026-04-21T00:37:46","date_gmt":"2026-04-21T00:37:46","guid":{"rendered":"https:\/\/singuli.wpress.me\/index.php\/proizvod\/oral-b-pro-series-1-elektricna-cetkica-za-zube-caribbean-blue\/"},"modified":"2026-04-21T00:37:46","modified_gmt":"2026-04-21T00:37:46","slug":"oral-b-pro-series-1-elektricna-cetkica-za-zube-caribbean-blue","status":"publish","type":"product","link":"https:\/\/singuli.wpress.me\/index.php\/proizvod\/oral-b-pro-series-1-elektricna-cetkica-za-zube-caribbean-blue\/","title":{"rendered":"ORAL-B Pro Series 1, elektri\u010dna \u010detkica za zube, Caribbean Blue"},"content":{"rendered":"<p>Isprobajte Oral-B Pro Series 1, od marke zubnih \u010detkica koja je 1. izbor stomatologa diljem svijeta. Elektri\u010dna zubna \u010detkica Series 1 poma\u017ee vam da zube perete 2 minute, koliko preporu\u010duju i stomatolozi, i to uz pomo\u0107 profesionalnog mjera\u010da vremena koji vam svakih 30 sekundi javlja da je vrijeme za prijelaz na sljede\u0107i kvadrant. Dok vi samo pomi\u010dete \u010detkicu po ustima, jedinstvena okrugla glava \u010detkice Oral-B radi sve ostalo. Uklanja do 100% vi\u0161e zubnih naslaga za zdravije desni, u usporedbi sa standardnom klasi\u010dnom zubnom \u010detkicom, te istodobno uklanjanjem povr\u0161inskih mrlja \u010dini va\u0161 osmijeh bjeljim ve\u0107 od prvog dana. Profesionalni mjera\u010d vremena ugra\u0111en u Oral-B Pro Series 1 \u010dini ovu zubnu \u010detkicu izvrsnim rje\u0161enjem za svakoga tko \u017eeli po\u010deti upotrebljavati elektri\u010dnu zubnu \u010detkicu.<\/p>\n","protected":false},"excerpt":{"rendered":"<p>Osje\u0107aj profesionalnog \u010di\u0161\u0107enja svakoga dana i nje\u017eno \u010detkanje, uz kontrolu pritiska na desni<br \/>\nPunjiva zubna \u010detkica s prakti\u010dnom dugotrajnom baterijom i indikatorom stanja baterije<br \/>\nDo 100% bolje uklanjanje zubnih naslaga u te\u0161ko dostupnim podru\u010djima<\/p>\n","protected":false},"featured_media":46987,"template":"","meta":{"_seopress_robots_primary_cat":"","_seopress_titles_title":"","_seopress_titles_desc":"","_seopress_robots_index":"","iawp_total_views":0},"product_brand":[423],"product_cat":[293,192,292],"product_tag":[],"class_list":{"0":"post-46986","1":"product","2":"type-product","3":"status-publish","4":"has-post-thumbnail","6":"product_brand-oral-b-2","7":"product_cat-aparati-za-djecu-i-odrasle-292","8":"product_cat-aparati-za-osobnu-njegu","9":"product_cat-oralna-higijena-uredaji-192","11":"first","12":"instock","13":"shipping-taxable","14":"purchasable","15":"product-type-simple"},"_links":{"self":[{"href":"https:\/\/singuli.wpress.me\/index.php\/wp-json\/wp\/v2\/product\/46986","targetHints":{"allow":["GET"]}}],"collection":[{"href":"https:\/\/singuli.wpress.me\/index.php\/wp-json\/wp\/v2\/product"}],"about":[{"href":"https:\/\/singuli.wpress.me\/index.php\/wp-json\/wp\/v2\/types\/product"}],"version-history":[{"count":0,"href":"https:\/\/singuli.wpress.me\/index.php\/wp-json\/wp\/v2\/product\/46986\/revisions"}],"wp:featuredmedia":[{"embeddable":true,"href":"https:\/\/singuli.wpress.me\/index.php\/wp-json\/wp\/v2\/media\/46987"}],"wp:attachment":[{"href":"https:\/\/singuli.wpress.me\/index.php\/wp-json\/wp\/v2\/media?parent=46986"}],"wp:term":[{"taxonomy":"product_brand","embeddable":true,"href":"https:\/\/singuli.wpress.me\/index.php\/wp-json\/wp\/v2\/product_brand?post=46986"},{"taxonomy":"product_cat","embeddable":true,"href":"https:\/\/singuli.wpress.me\/index.php\/wp-json\/wp\/v2\/product_cat?post=46986"},{"taxonomy":"product_tag","embeddable":true,"href":"https:\/\/singuli.wpress.me\/index.php\/wp-json\/wp\/v2\/product_tag?post=46986"}],"curies":[{"name":"wp","href":"https:\/\/api.w.org\/{rel}","templated":true}]}}