{"id":46991,"date":"2026-04-21T00:37:54","date_gmt":"2026-04-21T00:37:54","guid":{"rendered":"https:\/\/singuli.wpress.me\/index.php\/proizvod\/oral-b-oxyjet-oralni-tus-md-20\/"},"modified":"2026-04-21T00:37:54","modified_gmt":"2026-04-21T00:37:54","slug":"oral-b-oxyjet-oralni-tus-md-20","status":"publish","type":"product","link":"https:\/\/singuli.wpress.me\/index.php\/proizvod\/oral-b-oxyjet-oralni-tus-md-20\/","title":{"rendered":"ORAL-B Oxyjet, oralni tu\u0161, MD 20"},"content":{"rendered":"<p>Oralni tu\u0161 Oral-B koristi tehnologiju mikromjehuri\u0107a kako bi sprije\u010dio razvoj bakterijskih zubnih naslaga. Mije\u0161a zrak i vodu stvaraju\u0107i mikromjehuri\u0107e i zna\u010dajno smanjuje u\u010destalost problema s desnima kada se koristi s posebnom zubnom pastom. Za\u0161to treba koristiti oralni tu\u0161? Oralni tu\u0161evi Oral-B odli\u010dan su dodatak svakodnevnom pranju zubi i savr\u0161eni izbor za pobolj\u0161anje zdravlja desni. Oralni tu\u0161 uklanja ostatke hrane i nje\u017eno masira desni kako bi potaknuo krvotok. Oralni tu\u0161 Oral-B osmi\u0161ljen je da pru\u017ea osje\u0107aj \u010disto\u0107e i svje\u017eine<\/p>\n","protected":false},"excerpt":{"rendered":"<p>Dubinski \u010disti izme\u0111u zubi i ispod linije desni<br \/>\n5 razina intenziteta pritiska vode za jedinstveno iskustvo \u010di\u0161\u0107enja\u00a0<br \/>\nOdaberite jednu od 4 vrste mlaza za \u010di\u0161\u0107enje koje vam najvi\u0161e odgovara\u00a0<\/p>\n","protected":false},"featured_media":46992,"template":"","meta":{"_seopress_robots_primary_cat":"","_seopress_titles_title":"","_seopress_titles_desc":"","_seopress_robots_index":"","iawp_total_views":0},"product_brand":[423],"product_cat":[268,309],"product_tag":[],"class_list":{"0":"post-46991","1":"product","2":"type-product","3":"status-publish","4":"has-post-thumbnail","6":"product_brand-oral-b-2","7":"product_cat-kozmetika-2","8":"product_cat-oralna-higijena-268","10":"first","11":"instock","12":"shipping-taxable","13":"purchasable","14":"product-type-simple"},"_links":{"self":[{"href":"https:\/\/singuli.wpress.me\/index.php\/wp-json\/wp\/v2\/product\/46991","targetHints":{"allow":["GET"]}}],"collection":[{"href":"https:\/\/singuli.wpress.me\/index.php\/wp-json\/wp\/v2\/product"}],"about":[{"href":"https:\/\/singuli.wpress.me\/index.php\/wp-json\/wp\/v2\/types\/product"}],"version-history":[{"count":0,"href":"https:\/\/singuli.wpress.me\/index.php\/wp-json\/wp\/v2\/product\/46991\/revisions"}],"wp:featuredmedia":[{"embeddable":true,"href":"https:\/\/singuli.wpress.me\/index.php\/wp-json\/wp\/v2\/media\/46992"}],"wp:attachment":[{"href":"https:\/\/singuli.wpress.me\/index.php\/wp-json\/wp\/v2\/media?parent=46991"}],"wp:term":[{"taxonomy":"product_brand","embeddable":true,"href":"https:\/\/singuli.wpress.me\/index.php\/wp-json\/wp\/v2\/product_brand?post=46991"},{"taxonomy":"product_cat","embeddable":true,"href":"https:\/\/singuli.wpress.me\/index.php\/wp-json\/wp\/v2\/product_cat?post=46991"},{"taxonomy":"product_tag","embeddable":true,"href":"https:\/\/singuli.wpress.me\/index.php\/wp-json\/wp\/v2\/product_tag?post=46991"}],"curies":[{"name":"wp","href":"https:\/\/api.w.org\/{rel}","templated":true}]}}