{"id":46993,"date":"2026-04-21T00:37:57","date_gmt":"2026-04-21T00:37:57","guid":{"rendered":"https:\/\/singuli.wpress.me\/index.php\/proizvod\/oral-b-pro-series-3-cross-action-elektricna-cetkica-za-zube-pink\/"},"modified":"2026-04-21T00:37:57","modified_gmt":"2026-04-21T00:37:57","slug":"oral-b-pro-series-3-cross-action-elektricna-cetkica-za-zube-pink","status":"publish","type":"product","link":"https:\/\/singuli.wpress.me\/index.php\/proizvod\/oral-b-pro-series-3-cross-action-elektricna-cetkica-za-zube-pink\/","title":{"rendered":"ORAL-B Pro Series 3 Cross Action, elektri\u010dna \u010detkica za zube, Pink"},"content":{"rendered":"<p>Isprobajte Oral-B Pro Series 3, od marke zubnih \u010detkica koja je 1. izbor stomatologa diljem svijeta. Elektri\u010dna zubna \u010detkica Series 3 poma\u017ee da zube operete onako kako to va\u0161 stomatolog preporu\u010duje: poma\u017ee da pranje zubi traje 2 minute, i to uz pomo\u0107 profesionalnog mjera\u010da vremena koji vam svakih 30 sekundi javlja da je vrijeme za prijelaz na sljede\u0107i kvadrant usne \u0161upljine. Dok vi samo pomi\u010dete \u010detkicu po ustima, jedinstvena okrugla glava \u010detkice Oral-B radi sve ostalo. Uklanja do 100 % vi\u0161e zubnih naslaga za zdravije desni u usporedbi sa standardnom klasi\u010dnom zubnom \u010detkicom te istodobno uklanjanjem povr\u0161inskih mrlja \u010dini va\u0161 osmijeh bjeljim ve\u0107 od prvog dana. Osim toga, ova zubna \u010detkica poma\u017ee za\u0161tititi osjetljive desni: tehnologijom 360\u00b0 kontrole pritiska na desni smanjuje brzinu \u010detkanja i upozorava vas da budete nje\u017eniji ako \u010detkate presna\u017eno. Oral-B Pro Series 3 izvrsno je rje\u0161enje za svakog tko \u017eeli po\u010deti upotrebljavati elektri\u010dnu zubnu \u010detkicu i pobolj\u0161ati zdravlje svoje usne \u0161upljine.<\/p>\n","protected":false},"excerpt":{"rendered":"<p>Osje\u0107aj profesionalnog \u010di\u0161\u0107enja svakoga dana i usmjeravanje u \u010detkanju, uz vidljivu 360\u00b0 kontrolu pritiska na desni<br \/>\nPunjiva zubna \u010detkica s prakti\u010dnom dugotrajnom litij-ionskom baterijom i indikatorom stanja baterije<br \/>\nDo 100% bolje uklanjanje zubnih naslaga u te\u0161ko dostupnim podru\u010djima<\/p>\n","protected":false},"featured_media":46994,"template":"","meta":{"_seopress_robots_primary_cat":"","_seopress_titles_title":"","_seopress_titles_desc":"","_seopress_robots_index":"","iawp_total_views":0},"product_brand":[423],"product_cat":[293,192,292],"product_tag":[],"class_list":{"0":"post-46993","1":"product","2":"type-product","3":"status-publish","4":"has-post-thumbnail","6":"product_brand-oral-b-2","7":"product_cat-aparati-za-djecu-i-odrasle-292","8":"product_cat-aparati-za-osobnu-njegu","9":"product_cat-oralna-higijena-uredaji-192","11":"first","12":"outofstock","13":"shipping-taxable","14":"purchasable","15":"product-type-simple"},"_links":{"self":[{"href":"https:\/\/singuli.wpress.me\/index.php\/wp-json\/wp\/v2\/product\/46993","targetHints":{"allow":["GET"]}}],"collection":[{"href":"https:\/\/singuli.wpress.me\/index.php\/wp-json\/wp\/v2\/product"}],"about":[{"href":"https:\/\/singuli.wpress.me\/index.php\/wp-json\/wp\/v2\/types\/product"}],"version-history":[{"count":0,"href":"https:\/\/singuli.wpress.me\/index.php\/wp-json\/wp\/v2\/product\/46993\/revisions"}],"wp:featuredmedia":[{"embeddable":true,"href":"https:\/\/singuli.wpress.me\/index.php\/wp-json\/wp\/v2\/media\/46994"}],"wp:attachment":[{"href":"https:\/\/singuli.wpress.me\/index.php\/wp-json\/wp\/v2\/media?parent=46993"}],"wp:term":[{"taxonomy":"product_brand","embeddable":true,"href":"https:\/\/singuli.wpress.me\/index.php\/wp-json\/wp\/v2\/product_brand?post=46993"},{"taxonomy":"product_cat","embeddable":true,"href":"https:\/\/singuli.wpress.me\/index.php\/wp-json\/wp\/v2\/product_cat?post=46993"},{"taxonomy":"product_tag","embeddable":true,"href":"https:\/\/singuli.wpress.me\/index.php\/wp-json\/wp\/v2\/product_tag?post=46993"}],"curies":[{"name":"wp","href":"https:\/\/api.w.org\/{rel}","templated":true}]}}