{"id":46997,"date":"2026-04-21T00:38:02","date_gmt":"2026-04-21T00:38:02","guid":{"rendered":"https:\/\/singuli.wpress.me\/index.php\/proizvod\/oral-b-aquacare-6-pro-expert-oralni-tus\/"},"modified":"2026-04-21T00:38:02","modified_gmt":"2026-04-21T00:38:02","slug":"oral-b-aquacare-6-pro-expert-oralni-tus","status":"publish","type":"product","link":"https:\/\/singuli.wpress.me\/index.php\/proizvod\/oral-b-aquacare-6-pro-expert-oralni-tus\/","title":{"rendered":"ORAL-B AquaCare 6 Pro Expert, oralni tu\u0161"},"content":{"rendered":"<p>Nje\u017eno o\u010distite interdentalna podru\u010dja s be\u017ei\u010dnim oralnim tu\u0161om Oral-B AquaCare s tehnologijom OxiJet za revitaliziraju\u0107u njegu desni. Blagi mlaz vode za nje\u017eno, ali u\u010dinkovito \u010di\u0161\u0107enje zuba i desni, posebno ako su osjetljivi. Jednostavno uklonite spremnik s vodom: za uklanjanje spremnika, najprije povucite prema natrag gumb za zaklju\u010davanje na dnu jedinice.<\/p>\n<p>\u2022 Tehnologija OxiJet: voda oboga\u0107ena mikromjehuri\u0107ima za bolje \u010di\u0161\u0107enje\t<br \/>\n\u2022 Na\u010din rada &#8216;na zahtjev&#8217;\t3 ja\u010dine: prilagodite \u010di\u0161\u0107enje uz jaki, srednje jaki ili blagi pritisak mlaza vode\t<br \/>\n\u2022 2 vrste mlaza: odaberite usmjereni ili rotiraju\u0107i mlaz vode\t<br \/>\n\u2022 Be\u017ei\u010dno: jednostavno rukovanje bez nastavaka\t<br \/>\n\u2022 Za\u0161titite zubne aparati\u0107e: nje\u017eno uklonite ostatke hrane izme\u0111u \u017ei\u010danih elemenata i bravica<\/p>\n","protected":false},"excerpt":{"rendered":"<p>Tehnologija OxiJet za revitaliziraju\u0107u njegu desni<br \/>\nNje\u017eno, ali u\u010dinkovito \u010di\u0161\u0107enje zuba i desni<br \/>\n2 vrste mlaza<\/p>\n","protected":false},"featured_media":46998,"template":"","meta":{"_seopress_robots_primary_cat":"","_seopress_titles_title":"","_seopress_titles_desc":"","_seopress_robots_index":"","iawp_total_views":0},"product_brand":[423],"product_cat":[268,309],"product_tag":[],"class_list":{"0":"post-46997","1":"product","2":"type-product","3":"status-publish","4":"has-post-thumbnail","6":"product_brand-oral-b-2","7":"product_cat-kozmetika-2","8":"product_cat-oralna-higijena-268","10":"first","11":"instock","12":"shipping-taxable","13":"purchasable","14":"product-type-simple"},"_links":{"self":[{"href":"https:\/\/singuli.wpress.me\/index.php\/wp-json\/wp\/v2\/product\/46997","targetHints":{"allow":["GET"]}}],"collection":[{"href":"https:\/\/singuli.wpress.me\/index.php\/wp-json\/wp\/v2\/product"}],"about":[{"href":"https:\/\/singuli.wpress.me\/index.php\/wp-json\/wp\/v2\/types\/product"}],"version-history":[{"count":0,"href":"https:\/\/singuli.wpress.me\/index.php\/wp-json\/wp\/v2\/product\/46997\/revisions"}],"wp:featuredmedia":[{"embeddable":true,"href":"https:\/\/singuli.wpress.me\/index.php\/wp-json\/wp\/v2\/media\/46998"}],"wp:attachment":[{"href":"https:\/\/singuli.wpress.me\/index.php\/wp-json\/wp\/v2\/media?parent=46997"}],"wp:term":[{"taxonomy":"product_brand","embeddable":true,"href":"https:\/\/singuli.wpress.me\/index.php\/wp-json\/wp\/v2\/product_brand?post=46997"},{"taxonomy":"product_cat","embeddable":true,"href":"https:\/\/singuli.wpress.me\/index.php\/wp-json\/wp\/v2\/product_cat?post=46997"},{"taxonomy":"product_tag","embeddable":true,"href":"https:\/\/singuli.wpress.me\/index.php\/wp-json\/wp\/v2\/product_tag?post=46997"}],"curies":[{"name":"wp","href":"https:\/\/api.w.org\/{rel}","templated":true}]}}