{"id":47002,"date":"2026-04-21T00:38:04","date_gmt":"2026-04-21T00:38:04","guid":{"rendered":"https:\/\/singuli.wpress.me\/index.php\/proizvod\/barbie-cutie-reveal-lutka-janje\/"},"modified":"2026-04-21T00:38:04","modified_gmt":"2026-04-21T00:38:04","slug":"barbie-cutie-reveal-lutka-janje","status":"publish","type":"product","link":"https:\/\/singuli.wpress.me\/index.php\/proizvod\/barbie-cutie-reveal-lutka-janje\/","title":{"rendered":"BARBIE Cutie Reveal, lutka, janje"},"content":{"rendered":"<p>Barbie Cutie Reveal lutke nude najsla\u0111e iskustvo raspakiravanja s deset<br \/>\niznena\u0111enja.<br \/>\nOtkrijte slatko Janje koje nosi majicu s natpisom &quot;Dream&quot; (&#8221;San&#8221;).<br \/>\nOtvorite 4 vre\u0107ice iznena\u0111enja i prona\u0111ite modne predmete i dodatke poput satenske suknje, Barbie trake za glavu, cipela, \u010de\u0161lja i preslatkog odgovaraju\u0107eg mini janjeta.<br \/>\nMaknite pli\u0161ani kostim kako bi otkrili Barbie lutku s dugom kosom.<br \/>\nPreokrenite pli\u0161ani gornji dio jakne i okrenite glavu kostima za krevet za ku\u0107nog ljubimca.<br \/>\nHladna voda mijenja boju na kosi lutke te otvara i zatvara o\u010di malog ljubimca &#8211; topla voda ih vra\u0107a za ponovnu zabavu.<br \/>\nDjeca \u0107e voljeti otkrivanje svih slatkih iznena\u0111enja u ovoj slatkoj Barbie Cutie Reveal seriji.<br \/>\nUklju\u010duje lutku u \u017eivotinjskom kostimu i deset iznena\u0111enja.\u00a0<\/p>\n","protected":false},"excerpt":{"rendered":"<p>4 vre\u0107ice iznena\u0111enja<br \/>\nHladna voda mijenja boju na kosi lutke<br \/>\nKako bi otkrili Barbie lutku maknite kostim<\/p>\n","protected":false},"featured_media":0,"template":"","meta":{"_seopress_robots_primary_cat":"","_seopress_titles_title":"","_seopress_titles_desc":"","_seopress_robots_index":"","iawp_total_views":0},"product_brand":[324],"product_cat":[221,291],"product_tag":[],"class_list":{"0":"post-47002","1":"product","2":"type-product","3":"status-publish","5":"product_brand-barbie","6":"product_cat-igracke","7":"product_cat-igracke-za-djecu-221","9":"first","10":"instock","11":"shipping-taxable","12":"purchasable","13":"product-type-simple"},"_links":{"self":[{"href":"https:\/\/singuli.wpress.me\/index.php\/wp-json\/wp\/v2\/product\/47002","targetHints":{"allow":["GET"]}}],"collection":[{"href":"https:\/\/singuli.wpress.me\/index.php\/wp-json\/wp\/v2\/product"}],"about":[{"href":"https:\/\/singuli.wpress.me\/index.php\/wp-json\/wp\/v2\/types\/product"}],"version-history":[{"count":0,"href":"https:\/\/singuli.wpress.me\/index.php\/wp-json\/wp\/v2\/product\/47002\/revisions"}],"wp:attachment":[{"href":"https:\/\/singuli.wpress.me\/index.php\/wp-json\/wp\/v2\/media?parent=47002"}],"wp:term":[{"taxonomy":"product_brand","embeddable":true,"href":"https:\/\/singuli.wpress.me\/index.php\/wp-json\/wp\/v2\/product_brand?post=47002"},{"taxonomy":"product_cat","embeddable":true,"href":"https:\/\/singuli.wpress.me\/index.php\/wp-json\/wp\/v2\/product_cat?post=47002"},{"taxonomy":"product_tag","embeddable":true,"href":"https:\/\/singuli.wpress.me\/index.php\/wp-json\/wp\/v2\/product_tag?post=47002"}],"curies":[{"name":"wp","href":"https:\/\/api.w.org\/{rel}","templated":true}]}}